{"id":4265,"date":"2023-12-08T14:19:15","date_gmt":"2023-12-08T13:19:15","guid":{"rendered":"https:\/\/www.odyssee-environnement.fr\/industriales\/"},"modified":"2024-09-06T15:37:38","modified_gmt":"2024-09-06T13:37:38","slug":"industriales","status":"publish","type":"page","link":"https:\/\/www.odyssee-environnement.fr\/es\/soluciones\/industriales\/","title":{"rendered":"Industriales"},"content":{"rendered":"\n<section class=\"odyssee-block flex-start container-odyssee\" >\n        <div class=\"background-overlay has-background-background-color\" style=\"\">\n         \n            <svg xmlns=\"http:\/\/www.w3.org\/2000\/svg\" xmlns:xlink=\"http:\/\/www.w3.org\/1999\/xlink\" width=\"2951.5\" height=\"3675.84\" viewBox=\"0 0 2951.5 3675.84\">\n                <defs>\n                    <linearGradient id=\"linear-gradient-bleu_clair\" x1=\"0.433\" y1=\"0.644\" x2=\"0.524\" y2=\"0.977\" gradientUnits=\"objectBoundingBox\">\n                    <stop offset=\"0\" stop-color=\"#009ee0\" stop-opacity=\"0.416\"\/>\n                    <stop offset=\"1\" stop-color=\"#009ee0\" stop-opacity=\"0\"\/>\n                    <\/linearGradient>\n                    <linearGradient id=\"linear-gradient-2-bleu_clair\" x1=\"0.489\" y1=\"0.639\" x2=\"0.555\" y2=\"0.905\" xlink:href=\"#linear-gradient-bleu_clair\"\/>\n                <\/defs>\n                <g id=\"Group_13542\" data-name=\"Group 13542\" opacity=\"0.223\">\n                    <path id=\"Path_9709\" data-name=\"Path 9709\" d=\"M1858.318,1003.116c1.71-254.1-94.145-508.309-287.416-702.041-86.486-86.674-121.25-125.391-280.315-249.031-10.895-8.757-22.57-18.446-34.393-29.252,133.334,168.84,213.536,381.986,213.536,614.1,0,545.833-441.461,988.185-985.99,988.185A983.613,983.613,0,0,1,21.011,1509.71c171.037,293.039,488.235,490.2,851.651,490.2,544.641,0,985.99-442.651,985.99-988.484,0-2.8-.334-5.292-.334-8.31\" transform=\"translate(760.224 826.513)\" fill=\"url(#linear-gradient-bleu_clair)\"\/>\n                    <path id=\"Path_9710\" data-name=\"Path 9710\" d=\"M2575.442,1210.8a1021.423,1021.423,0,0,0-78.788-88.5c-93.7-93.9-131.364-135.75-303.479-269.973C2021.321,718.213,1740.486,356.945,1740.486,0c0,98.86-21.677,198.129-56.517,292.815C1754.8,568.564,1959.9,820.091,2095.015,925.844c166.054,129.49,202.531,169.809,293.031,260.172,201.452,202.452,301.731,468.1,299.872,733.3,0,2.683.409,5.7.409,8.5,0,570.129-460.832,1032.493-1029.827,1032.493-568.958,0-1029.791-462.364-1029.791-1032.493,0-2.794.26-5.813.26-8.5-1.673-265.2,98.346-530.853,300.207-733.3,90.315-90.364,126.79-130.683,292.659-260.172,57.706-45.052,128.278-117.38,195.688-205.917C629.6,750.67,0,1399.8,0,2196.822,0,3013.783,660.722,3675.84,1475.825,3675.84c815.139,0,1475.675-662.057,1475.675-1479.018,0-379.043-142.369-724.474-376.057-986.025\" transform=\"translate(0)\" fill=\"url(#linear-gradient-2-bleu_clair)\"\/>\n                <\/g>\n            <\/svg>\n                \n        <div class=\"wrapper-container\">\n                            <div class=\"breadcrumbs bleu_clair\">\n                    <span class=\"home\"><a href=\"https:\/\/www.odyssee-environnement.fr\/es\/\" rel=\"nofollow\">Inicio<\/a><\/span>\n                                    <\/div>\n            \n            <div class=\"acf-innerblocks-container\">\n\n<div class=\"wp-block-columns is-layout-flex wp-container-core-columns-is-layout-c6c21021 wp-block-columns-is-layout-flex\" style=\"padding-top:100px;padding-bottom:0px\">\n<div class=\"wp-block-column is-layout-flow wp-block-column-is-layout-flow\" style=\"flex-basis:66.66%\">\n<h1 class=\"wp-block-heading\"><mark style=\"background-color:rgba(0, 0, 0, 0)\" class=\"has-inline-color has-primary-color\">El agua, sus necesidades,<\/mark> nuestra experiencia<\/h1>\n\n\n\n<p><strong>Para cada problem\u00e1tica industrial que precise del agua como recurso,<\/strong><br>Odyss\u00e9e aporta su experiencia para equipar, controlar y proteger las<br>instalaciones y optimizar su rendimiento con una pol\u00edtica ecol\u00f3gica.<\/p>\n<\/div>\n\n\n\n<div class=\"wp-block-column is-layout-flow wp-block-column-is-layout-flow\" style=\"flex-basis:33.33%\"><\/div>\n<\/div>\n\n\n\n<div class=\"wp-block-columns is-layout-flex wp-container-core-columns-is-layout-79bcac10 wp-block-columns-is-layout-flex\" style=\"padding-top:100px;padding-bottom:150px\">\n<div class=\"wp-block-column is-layout-flow wp-block-column-is-layout-flow\" style=\"flex-basis:25%\">\n<div class=\"navigation-page\">\n     \n    <a href=\"https:\/\/www.odyssee-environnement.fr\/es\/soluciones\/industriales\/estoy-buscando-una-solucion-global\/\">\n                    <div class=\"icon\">\n                <img loading=\"lazy\" decoding=\"async\" width=\"1\" height=\"1\" src=\"https:\/\/www.odyssee-environnement.fr\/wp-content\/files\/2024\/03\/odyssee-icones-solution_globale-70.svg\" class=\"attachment-large size-large\" alt=\"\" title=\"\">            <\/div>\n                \n                    <span>Estoy buscando <span style=\"color: #009ee0;\">una soluci\u00f3n global<\/span><\/span>\n        \n                    <p>Ahorrar agua y energ\u00eda en el proceso global para respetar mis KPI<\/p>\n        \n        <div>\n            <svg xmlns=\"http:\/\/www.w3.org\/2000\/svg\" width=\"22.459\" height=\"12.852\" viewBox=\"0 0 22.459 12.852\">\n                <path id=\"Path_13239\" data-name=\"Path 13239\" d=\"M0,0H21.358\" transform=\"translate(0 6.348)\" fill=\"none\" stroke=\"#009ee0\" stroke-width=\"1\"\/>\n                <path id=\"Path_13238\" data-name=\"Path 13238\" d=\"M-11000.217-1022.2l5.886-6.078-5.886-6.078\" transform=\"translate(11016.094 1034.704)\" fill=\"none\" stroke=\"#009ee0\" stroke-width=\"1\"\/>\n            <\/svg>\n        <\/div>\n    <\/a>\n    <\/div><\/div>\n\n\n\n<div class=\"wp-block-column is-layout-flow wp-block-column-is-layout-flow\" style=\"flex-basis:25%\">\n<div class=\"navigation-page\">\n     \n    <a href=\"https:\/\/www.odyssee-environnement.fr\/es\/soluciones\/industriales\/deseo-poder-prevenir-los-riesgos-en-mi-instalacion-2\/\">\n                    <div class=\"icon\">\n                <img loading=\"lazy\" decoding=\"async\" width=\"1\" height=\"1\" src=\"https:\/\/www.odyssee-environnement.fr\/wp-content\/files\/2024\/03\/odyssee-icones-prevention_risque-74.svg\" class=\"attachment-large size-large\" alt=\"\" title=\"\">            <\/div>\n                \n                    <span>Deseo poder <span style=\"color: #009ee0;\">evitar riesgos en mi instalaci\u00f3n<\/span><\/span>\n        \n                    <p>Gestionar el riesgo de mi instalaci\u00f3n con las \u00faltimas t\u00e9cnicas de vanguardia<\/p>\n        \n        <div>\n            <svg xmlns=\"http:\/\/www.w3.org\/2000\/svg\" width=\"22.459\" height=\"12.852\" viewBox=\"0 0 22.459 12.852\">\n                <path id=\"Path_13239\" data-name=\"Path 13239\" d=\"M0,0H21.358\" transform=\"translate(0 6.348)\" fill=\"none\" stroke=\"#009ee0\" stroke-width=\"1\"\/>\n                <path id=\"Path_13238\" data-name=\"Path 13238\" d=\"M-11000.217-1022.2l5.886-6.078-5.886-6.078\" transform=\"translate(11016.094 1034.704)\" fill=\"none\" stroke=\"#009ee0\" stroke-width=\"1\"\/>\n            <\/svg>\n        <\/div>\n    <\/a>\n    <\/div><\/div>\n\n\n\n<div class=\"wp-block-column is-layout-flow wp-block-column-is-layout-flow\" style=\"flex-basis:25%\">\n<div class=\"navigation-page\">\n     \n    <a href=\"https:\/\/www.odyssee-environnement.fr\/es\/soluciones\/industriales\/deseo-cumplir-los-ods\/\">\n                    <div class=\"icon\">\n                <img loading=\"lazy\" decoding=\"async\" width=\"1\" height=\"1\" src=\"https:\/\/www.odyssee-environnement.fr\/wp-content\/files\/2024\/03\/odyssee-icones-projet_life-101.svg\" class=\"attachment-large size-large\" alt=\"\" title=\"\">            <\/div>\n                \n                    <span>Deseo cumplir <span style=\"color: #009ee0;\">los Objetivos de Desarrollo Sostenible<\/span><\/span>\n        \n                    <p>Soluci\u00f3n perpetua, certificada, m\u00e1s ecol\u00f3gica y que permite ahorrar en CO2 en el agua<\/p>\n        \n        <div>\n            <svg xmlns=\"http:\/\/www.w3.org\/2000\/svg\" width=\"22.459\" height=\"12.852\" viewBox=\"0 0 22.459 12.852\">\n                <path id=\"Path_13239\" data-name=\"Path 13239\" d=\"M0,0H21.358\" transform=\"translate(0 6.348)\" fill=\"none\" stroke=\"#009ee0\" stroke-width=\"1\"\/>\n                <path id=\"Path_13238\" data-name=\"Path 13238\" d=\"M-11000.217-1022.2l5.886-6.078-5.886-6.078\" transform=\"translate(11016.094 1034.704)\" fill=\"none\" stroke=\"#009ee0\" stroke-width=\"1\"\/>\n            <\/svg>\n        <\/div>\n    <\/a>\n    <\/div><\/div>\n\n\n\n<div class=\"wp-block-column is-layout-flow wp-block-column-is-layout-flow\" style=\"flex-basis:25%\">\n<div class=\"navigation-page\">\n     \n    <a href=\"https:\/\/www.odyssee-environnement.fr\/es\/soluciones\/industriales\/deseo-reducir-mi-consumo-de-agua-en-un-10\/\">\n                    <div class=\"icon\">\n                <img loading=\"lazy\" decoding=\"async\" width=\"1\" height=\"1\" src=\"https:\/\/www.odyssee-environnement.fr\/wp-content\/files\/2024\/03\/odyssee-icones-reduire_conso-73.svg\" class=\"attachment-large size-large\" alt=\"\" title=\"\">            <\/div>\n                \n                    <span>Deseo reducir\r\n<span style=\"color: #009ee0;\">mi consumo<\/span>\r\n<span style=\"color: #009ee0;\">de agua en un 10 %<\/span><\/span>\n        \n                    <p>Consumir menos agua y menos energ\u00eda con una soluci\u00f3n adecuada a mi solicitud<\/p>\n        \n        <div>\n            <svg xmlns=\"http:\/\/www.w3.org\/2000\/svg\" width=\"22.459\" height=\"12.852\" viewBox=\"0 0 22.459 12.852\">\n                <path id=\"Path_13239\" data-name=\"Path 13239\" d=\"M0,0H21.358\" transform=\"translate(0 6.348)\" fill=\"none\" stroke=\"#009ee0\" stroke-width=\"1\"\/>\n                <path id=\"Path_13238\" data-name=\"Path 13238\" d=\"M-11000.217-1022.2l5.886-6.078-5.886-6.078\" transform=\"translate(11016.094 1034.704)\" fill=\"none\" stroke=\"#009ee0\" stroke-width=\"1\"\/>\n            <\/svg>\n        <\/div>\n    <\/a>\n    <\/div><\/div>\n<\/div>\n\n<\/div>\n        <\/div>\n            <\/div>\n<\/section>\n\n\n\n<div class=\"epingle\">\n    <span>Actuar en una <span style=\"color: #009ee0;\">situaci\u00f3n de emergencia<\/span><\/span>\n<\/div>\n\n\n<section class=\"odyssee-block flex-start container-odyssee\" >\n        <div class=\"background-overlay has--background-color\" style=\"\">\n                \n        <div class=\"wrapper-container\">\n            \n            <div class=\"acf-innerblocks-container\">\n\n<div class=\"wp-block-columns is-layout-flex wp-container-core-columns-is-layout-d9c62f71 wp-block-columns-is-layout-flex\" style=\"padding-top:100px;padding-bottom:50px\">\n<div class=\"wp-block-column is-layout-flow wp-block-column-is-layout-flow\">\n<h3 class=\"wp-block-heading has-text-align-center\">En las actividades industriales, <mark style=\"background-color:rgba(0, 0, 0, 0)\" class=\"has-inline-color has-primary-color\">algunas situaciones<br> requieren una intervenci\u00f3n inmediata, r\u00e1pida y eficaz.<\/mark><\/h3>\n<\/div>\n<\/div>\n\n\n\n<div class=\"wp-block-columns is-layout-flex wp-container-core-columns-is-layout-a418b376 wp-block-columns-is-layout-flex\" style=\"padding-top:50px;padding-bottom:100px\">\n<div class=\"wp-block-column is-layout-flow wp-block-column-is-layout-flow\">\n<div class=\"boite-icon align wp-block-odyssee-boite-icone is-layout-flow wp-block-odyssee-boite-icone-is-layout-flow\">\n            <div class=\"icon\">\n            <img loading=\"lazy\" decoding=\"async\" width=\"1\" height=\"1\" src=\"https:\/\/www.odyssee-environnement.fr\/wp-content\/files\/2024\/03\/odyssee-icones-legionelose-80.svg\" class=\"attachment-large size-large\" alt=\"\" title=\"\">        <\/div>\n        \n            <span>Amenazas <span style=\"color: #009ee0;\">bacteriol\u00f3gicas<\/span><\/span>\n        \n    <\/div><\/div>\n\n\n\n<div class=\"wp-block-column is-layout-flow wp-block-column-is-layout-flow\">\n<div class=\"boite-icon align wp-block-odyssee-boite-icone is-layout-flow wp-block-odyssee-boite-icone-is-layout-flow\">\n            <div class=\"icon\">\n            <img loading=\"lazy\" decoding=\"async\" width=\"1\" height=\"1\" src=\"https:\/\/www.odyssee-environnement.fr\/wp-content\/files\/2024\/03\/odyssee-icones-baisse_performance-95.svg\" class=\"attachment-large size-large\" alt=\"\" title=\"\">        <\/div>\n        \n            <span>Ca\u00eddas del <span style=\"color: #009ee0;\">rendimiento<\/span><\/span>\n        \n    <\/div><\/div>\n\n\n\n<div class=\"wp-block-column is-layout-flow wp-block-column-is-layout-flow\">\n<div class=\"boite-icon align wp-block-odyssee-boite-icone is-layout-flow wp-block-odyssee-boite-icone-is-layout-flow\">\n            <div class=\"icon\">\n            <img loading=\"lazy\" decoding=\"async\" width=\"1\" height=\"1\" src=\"https:\/\/www.odyssee-environnement.fr\/wp-content\/files\/2024\/03\/odyssee-icones-tps_prod-68.svg\" class=\"attachment-large size-large\" alt=\"\" title=\"\">        <\/div>\n        \n            <span>Fallos de funcionamiento<\/span>\n        \n    <\/div><\/div>\n<\/div>\n\n\n\n<div class=\"wp-block-columns has-background-background-color has-background is-layout-flex wp-container-core-columns-is-layout-fa534739 wp-block-columns-is-layout-flex\" style=\"border-radius:20px;margin-bottom:100px;padding-top:0px;padding-right:0px;padding-bottom:0px;padding-left:0px\">\n<div class=\"wp-block-column is-layout-flow wp-block-column-is-layout-flow\" style=\"flex-basis:45%\">\n<div class=\"image-odyssee\">\n            <div class=\"img-sizer wide\" style=\"border-radius: 20px 20px 150px 20px\">\n            <img loading=\"lazy\" decoding=\"async\" width=\"1024\" height=\"682\" src=\"https:\/\/www.odyssee-environnement.fr\/wp-content\/files\/2024\/01\/odyssee-visuels-_NHJ3736-HD-19-1024x682.jpg\" class=\"attachment-large size-large\" alt=\"\" srcset=\"https:\/\/www.odyssee-environnement.fr\/wp-content\/files\/2024\/01\/odyssee-visuels-_NHJ3736-HD-19-1024x682.jpg 1024w, https:\/\/www.odyssee-environnement.fr\/wp-content\/files\/2024\/01\/odyssee-visuels-_NHJ3736-HD-19-300x200.jpg 300w, https:\/\/www.odyssee-environnement.fr\/wp-content\/files\/2024\/01\/odyssee-visuels-_NHJ3736-HD-19-768x511.jpg 768w, https:\/\/www.odyssee-environnement.fr\/wp-content\/files\/2024\/01\/odyssee-visuels-_NHJ3736-HD-19.jpg 1404w\" sizes=\"auto, (max-width: 1024px) 100vw, 1024px\" title=\"\">        <\/div>\n\n            <\/div><\/div>\n\n\n\n<div class=\"wp-block-column is-vertically-aligned-center is-layout-flow wp-block-column-is-layout-flow\" style=\"padding-top:0px;padding-right:50px;padding-bottom:30px;padding-left:50px;flex-basis:55%\">\n<h4 class=\"wp-block-heading\" style=\"margin-bottom:50px;line-height:1.4\">Ante estas situaciones alarmantes, existen soluciones que<br>a\u00fanan <mark style=\"background-color:rgba(0, 0, 0, 0)\" class=\"has-inline-color has-primary-color\">experiencia t\u00e9cnica y eficacia medioambiental.<\/mark><\/h4>\n\n\n\n<div class=\"group-buttons\">\n            <div class=\"wrapper-buttons\">\n                                                <a href=\"https:\/\/www.odyssee-environnement.fr\/es\/contacto\/\" class=\"button bleu\">\n                                                Ponerse en contacto con un especialista                                                    <img loading=\"lazy\" decoding=\"async\" width=\"15\" height=\"11\" src=\"https:\/\/www.odyssee-environnement.fr\/wp-content\/files\/2024\/01\/odyssee-icones-fleche-17.png\" class=\"attachment-large size-large\" alt=\"\" title=\"\">                                            <\/a>\n                                    <\/div>\n    <\/div><\/div>\n<\/div>\n\n<\/div>\n        <\/div>\n                <svg id=\"separator_bottom\" class=\"separator\" xmlns=\"http:\/\/www.w3.org\/2000\/svg\" viewBox=\"0 0 1920 131.1\">\n            <path id=\"Path_14520\" d=\"m0,131.1v-59.94s899.47-160.12,1920,0v59.94H0Z\" fill=\"#009ee0\"\/>\n        <\/svg>\n            <\/div>\n<\/section>\n","protected":false},"excerpt":{"rendered":"","protected":false},"author":1,"featured_media":0,"parent":4267,"menu_order":0,"comment_status":"closed","ping_status":"closed","template":"","meta":{"_acf_changed":false,"footnotes":""},"class_list":["post-4265","page","type-page","status-publish","hentry"],"acf":[],"_links":{"self":[{"href":"https:\/\/www.odyssee-environnement.fr\/es\/wp-json\/wp\/v2\/pages\/4265","targetHints":{"allow":["GET"]}}],"collection":[{"href":"https:\/\/www.odyssee-environnement.fr\/es\/wp-json\/wp\/v2\/pages"}],"about":[{"href":"https:\/\/www.odyssee-environnement.fr\/es\/wp-json\/wp\/v2\/types\/page"}],"author":[{"embeddable":true,"href":"https:\/\/www.odyssee-environnement.fr\/es\/wp-json\/wp\/v2\/users\/1"}],"replies":[{"embeddable":true,"href":"https:\/\/www.odyssee-environnement.fr\/es\/wp-json\/wp\/v2\/comments?post=4265"}],"version-history":[{"count":2,"href":"https:\/\/www.odyssee-environnement.fr\/es\/wp-json\/wp\/v2\/pages\/4265\/revisions"}],"predecessor-version":[{"id":4788,"href":"https:\/\/www.odyssee-environnement.fr\/es\/wp-json\/wp\/v2\/pages\/4265\/revisions\/4788"}],"up":[{"embeddable":true,"href":"https:\/\/www.odyssee-environnement.fr\/es\/wp-json\/wp\/v2\/pages\/4267"}],"wp:attachment":[{"href":"https:\/\/www.odyssee-environnement.fr\/es\/wp-json\/wp\/v2\/media?parent=4265"}],"curies":[{"name":"wp","href":"https:\/\/api.w.org\/{rel}","templated":true}]}}