{"id":4255,"date":"2023-12-08T14:21:05","date_gmt":"2023-12-08T13:21:05","guid":{"rendered":"https:\/\/www.odyssee-environnement.fr\/emergencia\/"},"modified":"2024-05-28T13:45:26","modified_gmt":"2024-05-28T11:45:26","slug":"emergencia","status":"publish","type":"page","link":"https:\/\/www.odyssee-environnement.fr\/es\/emergencia\/","title":{"rendered":"Emergencia"},"content":{"rendered":"\n<section class=\"odyssee-block flex-center container-odyssee\" >\n        <div class=\"background-overlay has-primary-background-color\" style=\"\">\n                    \n            <svg xmlns=\"http:\/\/www.w3.org\/2000\/svg\" xmlns:xlink=\"http:\/\/www.w3.org\/1999\/xlink\" width=\"2332.433\" height=\"2898.525\" viewBox=\"0 0 2332.433 2898.525\">\n                <defs>\n                    <linearGradient id=\"linear-gradient\" x1=\"0.401\" y1=\"0.928\" x2=\"0.402\" y2=\"1.016\" gradientUnits=\"objectBoundingBox\">\n                    <stop offset=\"0\" stop-color=\"#fff\"\/>\n                    <stop offset=\"1\" stop-color=\"#7a7e80\" stop-opacity=\"0\"\/>\n                    <\/linearGradient>\n                    <linearGradient id=\"linear-gradient-2\" x1=\"0.53\" y1=\"0.798\" x2=\"0.528\" y2=\"0.931\" xlink:href=\"#linear-gradient\"\/>\n                <\/defs>\n                <g id=\"Group_12726\" data-name=\"Group 12726\" transform=\"translate(316.034 1366.262)\">\n                    <path id=\"Path_13396\" data-name=\"Path 13396\" d=\"M1472.949,795.811c1.351-200.366-74.4-400.819-227.132-553.583C1177.472,173.882,1150,143.352,1024.3,45.858c-8.61-6.905-17.836-14.545-27.179-23.066C1102.487,155.928,1165.866,324,1165.866,507.03c0,430.408-348.866,779.219-779.182,779.219a778.653,778.653,0,0,1-365.673-90.971c135.162,231.071,385.83,386.539,673.021,386.539,430.4,0,779.182-349.046,779.182-779.453,0-2.2-.264-4.173-.264-6.553\" transform=\"translate(398.44 -822.516)\" opacity=\"0.174\" fill=\"url(#linear-gradient)\"\/>\n                    <path id=\"Path_13397\" data-name=\"Path 13397\" d=\"M2035.252,954.755a806.021,806.021,0,0,0-62.263-69.786c-74.045-74.046-103.81-107.044-239.825-212.883C1597.355,566.336,1375.424,281.464,1375.424,0c0,77.954-17.13,156.232-44.662,230.895,55.975,217.437,218.052,415.775,324.831,499.165,131.225,102.107,160.05,133.9,231.568,205.155,159.2,159.64,238.444,369.114,236.975,578.236,0,2.116.323,4.5.323,6.7,0,449.566-364.174,814.155-813.824,814.155-449.621,0-813.8-364.589-813.8-814.155,0-2.2.206-4.584.206-6.7-1.322-209.121,77.718-418.6,237.239-578.236,71.372-71.255,100.2-103.047,231.275-205.155,45.6-35.525,101.372-92.558,154.643-162.373C497.545,591.929,0,1103.787,0,1732.269c0,644.2,522.138,1166.256,1166.275,1166.256,644.167,0,1166.157-522.055,1166.157-1166.256,0-298.888-112.508-571.272-297.181-777.514\" transform=\"translate(-316.034 -1366.262)\" opacity=\"0.174\" fill=\"url(#linear-gradient-2)\"\/>\n                <\/g>\n            <\/svg>\n                \n        <div class=\"wrapper-container\">\n                            <div class=\"breadcrumbs bleu\">\n                    <span class=\"home\"><a href=\"https:\/\/www.odyssee-environnement.fr\/es\/\" rel=\"nofollow\">Inicio<\/a><\/span>\n                                    <\/div>\n            \n            <div class=\"acf-innerblocks-container\">\n\n<div class=\"wp-block-columns is-layout-flex wp-container-core-columns-is-layout-de931a48 wp-block-columns-is-layout-flex\" style=\"padding-top:100px;padding-bottom:100px\">\n<div class=\"wp-block-column is-layout-flow wp-block-column-is-layout-flow\" style=\"flex-basis:66.66%\">\n<p class=\"has-white-color has-text-color has-link-color wp-elements-e9d444fa92f303726b0db466aca6dc87\" style=\"margin-top:0px;margin-bottom:10px;padding-top:0px;padding-bottom:0px\">TRABAJAR EN UN CIRCUITO INDUSTRIAL AMENAZADO<\/p>\n\n\n\n<h1 class=\"wp-block-heading has-white-color has-text-color has-link-color wp-elements-a83e7167c69f2ce903d4f8bb22cdff95\" style=\"margin-top:0px;margin-bottom:0px\">Actuar en una situaci\u00f3n de emergencia<\/h1>\n\n\n\n<h1 class=\"wp-block-heading has-white-color has-text-color has-link-color wp-elements-97dd9a5c02bbda12707dd6064b5e2f36\" style=\"margin-top:0px;margin-bottom:0px\"><mark style=\"background-color:rgba(0, 0, 0, 0)\" class=\"has-inline-color has-paragraph-color\">incrustaci\u00f3n, corrosi\u00f3n, desinfecci\u00f3n, desembarrado, etc.<\/mark> <\/h1>\n\n\n\n<div class=\"group-buttons\">\n            <div class=\"wrapper-buttons\">\n                                                <a href=\"mailto:siege@odymail.fr\" class=\"button blanc\">\n                                                    <img loading=\"lazy\" decoding=\"async\" width=\"1\" height=\"1\" src=\"https:\/\/www.odyssee-environnement.fr\/wp-content\/files\/2024\/01\/odyssee-icones-telephone-04.svg\" class=\"attachment-large size-large\" alt=\"\" title=\"\">                                                +33 (0)2 43 44 39 33                                            <\/a>\n                                                                <a href=\"tel:02 43 44 39 33\" class=\"button blanc\">\n                                                    <img loading=\"lazy\" decoding=\"async\" width=\"1\" height=\"1\" src=\"https:\/\/www.odyssee-environnement.fr\/wp-content\/files\/2024\/01\/odyssee-icones-mail-05.svg\" class=\"attachment-large size-large\" alt=\"\" title=\"\">                                                siege@odymail.fr                                            <\/a>\n                                    <\/div>\n    <\/div><\/div>\n\n\n\n<div class=\"wp-block-column is-layout-flow wp-block-column-is-layout-flow\" style=\"flex-basis:33.33%\">\n<div class=\"image-odyssee\">\n            <div class=\"img-sizer square\" style=\"border-radius: 20px 20px 150px 20px\">\n            <img loading=\"lazy\" decoding=\"async\" width=\"1024\" height=\"682\" src=\"https:\/\/www.odyssee-environnement.fr\/wp-content\/files\/2024\/01\/odyssee-visuels-_NHJ3736-HD-19-1024x682.jpg\" class=\"attachment-large size-large\" alt=\"\" srcset=\"https:\/\/www.odyssee-environnement.fr\/wp-content\/files\/2024\/01\/odyssee-visuels-_NHJ3736-HD-19-1024x682.jpg 1024w, https:\/\/www.odyssee-environnement.fr\/wp-content\/files\/2024\/01\/odyssee-visuels-_NHJ3736-HD-19-300x200.jpg 300w, https:\/\/www.odyssee-environnement.fr\/wp-content\/files\/2024\/01\/odyssee-visuels-_NHJ3736-HD-19-768x511.jpg 768w, https:\/\/www.odyssee-environnement.fr\/wp-content\/files\/2024\/01\/odyssee-visuels-_NHJ3736-HD-19.jpg 1404w\" sizes=\"auto, (max-width: 1024px) 100vw, 1024px\" title=\"\">        <\/div>\n\n            <\/div><\/div>\n<\/div>\n\n<\/div>\n        <\/div>\n            <\/div>\n<\/section>\n\n<section class=\"odyssee-block flex-start container-odyssee\" >\n        <div class=\"background-overlay has-background-background-color\" style=\"\">\n         \n            <svg xmlns=\"http:\/\/www.w3.org\/2000\/svg\" xmlns:xlink=\"http:\/\/www.w3.org\/1999\/xlink\" width=\"2951.5\" height=\"3675.84\" viewBox=\"0 0 2951.5 3675.84\">\n                <defs>\n                    <linearGradient id=\"linear-gradient-bleu_clair\" x1=\"0.433\" y1=\"0.644\" x2=\"0.524\" y2=\"0.977\" gradientUnits=\"objectBoundingBox\">\n                    <stop offset=\"0\" stop-color=\"#009ee0\" stop-opacity=\"0.416\"\/>\n                    <stop offset=\"1\" stop-color=\"#009ee0\" stop-opacity=\"0\"\/>\n                    <\/linearGradient>\n                    <linearGradient id=\"linear-gradient-2-bleu_clair\" x1=\"0.489\" y1=\"0.639\" x2=\"0.555\" y2=\"0.905\" xlink:href=\"#linear-gradient-bleu_clair\"\/>\n                <\/defs>\n                <g id=\"Group_13542\" data-name=\"Group 13542\" opacity=\"0.223\">\n                    <path id=\"Path_9709\" data-name=\"Path 9709\" d=\"M1858.318,1003.116c1.71-254.1-94.145-508.309-287.416-702.041-86.486-86.674-121.25-125.391-280.315-249.031-10.895-8.757-22.57-18.446-34.393-29.252,133.334,168.84,213.536,381.986,213.536,614.1,0,545.833-441.461,988.185-985.99,988.185A983.613,983.613,0,0,1,21.011,1509.71c171.037,293.039,488.235,490.2,851.651,490.2,544.641,0,985.99-442.651,985.99-988.484,0-2.8-.334-5.292-.334-8.31\" transform=\"translate(760.224 826.513)\" fill=\"url(#linear-gradient-bleu_clair)\"\/>\n                    <path id=\"Path_9710\" data-name=\"Path 9710\" d=\"M2575.442,1210.8a1021.423,1021.423,0,0,0-78.788-88.5c-93.7-93.9-131.364-135.75-303.479-269.973C2021.321,718.213,1740.486,356.945,1740.486,0c0,98.86-21.677,198.129-56.517,292.815C1754.8,568.564,1959.9,820.091,2095.015,925.844c166.054,129.49,202.531,169.809,293.031,260.172,201.452,202.452,301.731,468.1,299.872,733.3,0,2.683.409,5.7.409,8.5,0,570.129-460.832,1032.493-1029.827,1032.493-568.958,0-1029.791-462.364-1029.791-1032.493,0-2.794.26-5.813.26-8.5-1.673-265.2,98.346-530.853,300.207-733.3,90.315-90.364,126.79-130.683,292.659-260.172,57.706-45.052,128.278-117.38,195.688-205.917C629.6,750.67,0,1399.8,0,2196.822,0,3013.783,660.722,3675.84,1475.825,3675.84c815.139,0,1475.675-662.057,1475.675-1479.018,0-379.043-142.369-724.474-376.057-986.025\" transform=\"translate(0)\" fill=\"url(#linear-gradient-2-bleu_clair)\"\/>\n                <\/g>\n            <\/svg>\n                \n        <div class=\"wrapper-container\">\n            \n            <div class=\"acf-innerblocks-container\">\n\n<div class=\"wp-block-columns is-layout-flex wp-container-core-columns-is-layout-939cc98d wp-block-columns-is-layout-flex\" style=\"padding-top:100px;padding-bottom:50px\">\n<div class=\"wp-block-column is-layout-flow wp-block-column-is-layout-flow\">\n<h3 class=\"wp-block-heading\"><mark style=\"background-color:rgba(0, 0, 0, 0)\" class=\"has-inline-color has-primary-color\">En nuestras actividades, algunas situaciones requieren<\/mark> una <br\/>intervenci\u00f3n inmediata, r\u00e1pida y eficaz.<\/h3>\n\n\n\n<p><strong>Amenazas bacteriol\u00f3gicas, ca\u00eddas de rendimiento, fallos de funcionamiento, etc.<\/strong> Ante<br\/>estas situaciones alarmantes, existen soluciones que a\u00fanan experiencia t\u00e9cnica y<br\/>eficacia medioambiental.<\/p>\n<\/div>\n<\/div>\n\n\n\n<div class=\"wp-block-columns are-vertically-aligned-top is-layout-flex wp-container-core-columns-is-layout-616b8f11 wp-block-columns-is-layout-flex\" style=\"padding-bottom:100px\">\n<div class=\"wp-block-column is-vertically-aligned-top is-layout-flow wp-block-column-is-layout-flow\">\n\n<div class=\"carte-readmore\">\n        <div class=\"icon\">\n        <img loading=\"lazy\" decoding=\"async\" width=\"1\" height=\"1\" src=\"https:\/\/www.odyssee-environnement.fr\/wp-content\/files\/2024\/03\/odyssee-icones-legionelose-80.svg\" class=\"attachment-large size-large\" alt=\"\" title=\"\">    <\/div>\n    \n            <h4><span style=\"color: #009ee0;\">Desinfecci\u00f3n de las redes de agua<\/span> contra la legionelosis<\/h4>\n    \n            <div class=\"description\" data-line=\"4\">\n            <p>El riesgo de legionela est\u00e1 estrictamente regulado por la legislaci\u00f3n. En caso de contaminaci\u00f3n, las decisiones y actuaciones curativas no se deben tomar a la ligera, ya que el funcionamiento de la red suele estar en juego. En esta situaci\u00f3n de emergencia, Odyss\u00e9e aporta toda una gama de principios activos y procesos destinados a eliminar el riesgo bacteriol\u00f3gico, y le apoya con soluciones globales de adecuaci\u00f3n duradera a conformidad tras la crisis.<\/p>\n \n        <\/div>\n        <span class=\"readmore-btn\">+  Leer la continuaci\u00f3n<\/span>\n    <\/div><\/div>\n\n\n\n<div class=\"wp-block-column is-vertically-aligned-top is-layout-flow wp-block-column-is-layout-flow\">\n\n<div class=\"carte-readmore\">\n        <div class=\"icon\">\n        <img loading=\"lazy\" decoding=\"async\" width=\"1\" height=\"1\" src=\"https:\/\/www.odyssee-environnement.fr\/wp-content\/files\/2024\/03\/odyssee-icones-desembouage-87.svg\" class=\"attachment-large size-large\" alt=\"\" title=\"\">    <\/div>\n    \n            <h4><span style=\"color: #009ee0;\">Desembarrado<\/span> de los circuitos de agua<\/h4>\n    \n            <div class=\"description\" data-line=\"4\">\n            <p>En los circuitos donde el agua es dura, sobre todo si se trata de agua caliente, se desarrollan de manera natural lodos que pueden obstruir r\u00e1pidamente las canalizaciones y provocar aver\u00edas o incluso la parada de las instalaciones.<\/p>\n<p>Para un desembarrado urgente de los circuitos de agua, Odyss\u00e9e aporta su experiencia para trabajar con una gama de soluciones de limpieza de efecto inmediato.<\/p>\n \n        <\/div>\n        <span class=\"readmore-btn\">+  Leer la continuaci\u00f3n<\/span>\n    <\/div><\/div>\n\n\n\n<div class=\"wp-block-column is-vertically-aligned-top is-layout-flow wp-block-column-is-layout-flow\">\n\n<div class=\"carte-readmore\">\n        <div class=\"icon\">\n        <img loading=\"lazy\" decoding=\"async\" width=\"1\" height=\"1\" src=\"https:\/\/www.odyssee-environnement.fr\/wp-content\/files\/2024\/03\/odyssee-icones-baisse_performance-95.svg\" class=\"attachment-large size-large\" alt=\"\" title=\"\">    <\/div>\n    \n            <h4><span style=\"color: #009ee0;\">Ca\u00edda<\/span> de rendimiento<\/h4>\n    \n            <div class=\"description\" data-line=\"4\">\n            <p>P\u00e9rdida de eficacia, aumento del consumo energ\u00e9tico e h\u00eddrico, obstrucci\u00f3n de los filtros, etc. Estos indicadores son se\u00f1ales importantes de ca\u00edda del rendimiento de las instalaciones.<\/p>\n<p>Durante la intervenci\u00f3n de nuestros equipos de hidro\u00e9ticos, Odyss\u00e9e realiza un diagn\u00f3stico completo, para localizar las zonas sensibles y ofrecerle soluciones de intervenci\u00f3n para una limpieza en profundidad de los circuitos de agua y una adecuaci\u00f3n a conformidad de sus rendimientos.<\/p>\n \n        <\/div>\n        <span class=\"readmore-btn\">+  Leer la continuaci\u00f3n<\/span>\n    <\/div><\/div>\n<\/div>\n\n<\/div>\n        <\/div>\n                <svg id=\"separator_bottom\" class=\"separator\" xmlns=\"http:\/\/www.w3.org\/2000\/svg\" viewBox=\"0 0 1920 131.1\">\n            <path id=\"Path_14520\" d=\"m0,131.1v-59.94s899.47-160.12,1920,0v59.94H0Z\" fill=\"#ffffff\"\/>\n        <\/svg>\n            <\/div>\n<\/section>\n\n<section class=\"odyssee-block flex-start container-odyssee\" >\n        <div class=\"background-overlay has--background-color\" style=\"\">\n         \n            <svg xmlns=\"http:\/\/www.w3.org\/2000\/svg\" xmlns:xlink=\"http:\/\/www.w3.org\/1999\/xlink\" width=\"2951.5\" height=\"3675.84\" viewBox=\"0 0 2951.5 3675.84\">\n                <defs>\n                    <linearGradient id=\"linear-gradient-bleu_clair\" x1=\"0.433\" y1=\"0.644\" x2=\"0.524\" y2=\"0.977\" gradientUnits=\"objectBoundingBox\">\n                    <stop offset=\"0\" stop-color=\"#009ee0\" stop-opacity=\"0.416\"\/>\n                    <stop offset=\"1\" stop-color=\"#009ee0\" stop-opacity=\"0\"\/>\n                    <\/linearGradient>\n                    <linearGradient id=\"linear-gradient-2-bleu_clair\" x1=\"0.489\" y1=\"0.639\" x2=\"0.555\" y2=\"0.905\" xlink:href=\"#linear-gradient-bleu_clair\"\/>\n                <\/defs>\n                <g id=\"Group_13542\" data-name=\"Group 13542\" opacity=\"0.223\">\n                    <path id=\"Path_9709\" data-name=\"Path 9709\" d=\"M1858.318,1003.116c1.71-254.1-94.145-508.309-287.416-702.041-86.486-86.674-121.25-125.391-280.315-249.031-10.895-8.757-22.57-18.446-34.393-29.252,133.334,168.84,213.536,381.986,213.536,614.1,0,545.833-441.461,988.185-985.99,988.185A983.613,983.613,0,0,1,21.011,1509.71c171.037,293.039,488.235,490.2,851.651,490.2,544.641,0,985.99-442.651,985.99-988.484,0-2.8-.334-5.292-.334-8.31\" transform=\"translate(760.224 826.513)\" fill=\"url(#linear-gradient-bleu_clair)\"\/>\n                    <path id=\"Path_9710\" data-name=\"Path 9710\" d=\"M2575.442,1210.8a1021.423,1021.423,0,0,0-78.788-88.5c-93.7-93.9-131.364-135.75-303.479-269.973C2021.321,718.213,1740.486,356.945,1740.486,0c0,98.86-21.677,198.129-56.517,292.815C1754.8,568.564,1959.9,820.091,2095.015,925.844c166.054,129.49,202.531,169.809,293.031,260.172,201.452,202.452,301.731,468.1,299.872,733.3,0,2.683.409,5.7.409,8.5,0,570.129-460.832,1032.493-1029.827,1032.493-568.958,0-1029.791-462.364-1029.791-1032.493,0-2.794.26-5.813.26-8.5-1.673-265.2,98.346-530.853,300.207-733.3,90.315-90.364,126.79-130.683,292.659-260.172,57.706-45.052,128.278-117.38,195.688-205.917C629.6,750.67,0,1399.8,0,2196.822,0,3013.783,660.722,3675.84,1475.825,3675.84c815.139,0,1475.675-662.057,1475.675-1479.018,0-379.043-142.369-724.474-376.057-986.025\" transform=\"translate(0)\" fill=\"url(#linear-gradient-2-bleu_clair)\"\/>\n                <\/g>\n            <\/svg>\n                \n        <div class=\"wrapper-container\">\n            \n            <div class=\"acf-innerblocks-container\">\n\n<h2 class=\"wp-block-heading has-text-align-center\"><mark style=\"background-color:rgba(0, 0, 0, 0)\" class=\"has-inline-color has-primary-color\">\u00a1Soluciones a medida,<\/mark> y resultados que<br\/> hablan por s\u00ed mismos!<\/h2>\n\n\n\n<div class=\"wp-block-columns is-layout-flex wp-container-core-columns-is-layout-28f84493 wp-block-columns-is-layout-flex\">\n<div class=\"wp-block-column is-layout-flow wp-block-column-is-layout-flow\" style=\"padding-top:50px;padding-bottom:50px\">\n<section class=\"slider-projets\">\n            <div class=\"left-thumbnail\">    \n                            <div class=\"img-sizer\">\n                    <img loading=\"lazy\" decoding=\"async\" width=\"1024\" height=\"682\" src=\"https:\/\/www.odyssee-environnement.fr\/wp-content\/files\/2024\/01\/odyssee-visuels-ODYSSEE_LES-SAISONS-DE-MEAUX-1-02.jpg\" class=\"attachment-large size-large wp-post-image\" alt=\"\" srcset=\"https:\/\/www.odyssee-environnement.fr\/wp-content\/files\/2024\/01\/odyssee-visuels-ODYSSEE_LES-SAISONS-DE-MEAUX-1-02.jpg 1024w, https:\/\/www.odyssee-environnement.fr\/wp-content\/files\/2024\/01\/odyssee-visuels-ODYSSEE_LES-SAISONS-DE-MEAUX-1-02-300x200.jpg 300w, https:\/\/www.odyssee-environnement.fr\/wp-content\/files\/2024\/01\/odyssee-visuels-ODYSSEE_LES-SAISONS-DE-MEAUX-1-02-768x512.jpg 768w\" sizes=\"auto, (max-width: 1024px) 100vw, 1024px\" title=\"\">    \n                <\/div>\n                    <\/div>\n\n        <div class=\"content-wrapper\">\n                            <div class=\"content\" data-url=\"https:\/\/www.odyssee-environnement.fr\/es\/cas_clients\/desembarrado-de-una-red-cerrada-centro-comercial\/\"> \n                                            <div class=\"icon\">\n                            <img loading=\"lazy\" decoding=\"async\" width=\"170\" height=\"56\" src=\"https:\/\/www.odyssee-environnement.fr\/wp-content\/files\/2024\/01\/odyssee-clients-5efb0d80385307dfb1b68cf8b1061ba82bd579b5-05.png\" class=\"attachment-carre size-carre\" alt=\"\" title=\"\">                        <\/div>\n                    \n                    <p>Desembarrado de una red cerrada (Centro Comercial)<\/p>\n                                            <h2><span style=\"color: #009ee0;\">Un 99 % de \u00f3xidos<\/span> de hierro eliminados.<\/h2>\n                                        \n                    <div class=\"description\">\n                        <p><strong>Desembarrado de una red cerrada.<\/strong> En menos de dos a\u00f1os la corrosi\u00f3n ha progresado dentro del circuito cerrado del centro, hasta alcanzar sus l\u00edmites: M\u00e1s de 99 ppm de hierro y una v\u00e1lvula de seguridad que acabar\u00e1 por fallar y requerir\u00e1 una reparaci\u00f3n urgente..<\/p>\n                    <\/div>\n\n                                        <div class=\"metas\">\n                                                    <div class=\"meta\">\n                                <span>Clase de instalaci\u00f3n<\/span>\n                                <p>Syst\u00e8me HVAC \u2013 dry cooler<\/p>\n                            <\/div>\n                                                                            <div class=\"meta\">\n                                <span>Sector<\/span>        \n                                <p>Les Saisons de Meaux (departamento franc\u00e9s de Sena y Marne)<\/p>\n                            <\/div>\n                                            <\/div>\n                                    <\/div>\n            \n            <div class=\"footer\">\n                <a>Ver el proyecto completo<\/a>\n\n                <div class=\"buttons\">\n                    <div class=\"button-prev button\">\n                        <svg xmlns=\"http:\/\/www.w3.org\/2000\/svg\" width=\"8.759\" height=\"16.103\" viewBox=\"0 0 8.759 16.103\">\n                            <path id=\"Path_14334\" data-name=\"Path 14334\" d=\"M-5925.1-1682.694l-7.7,7.7,7.7,7.7\" transform=\"translate(5933.502 1683.047)\" fill=\"none\" stroke=\"#fff\" stroke-width=\"1\"\/>\n                        <\/svg>\n                    <\/div>\n                    <div class=\"button-next button\">\n                        <svg xmlns=\"http:\/\/www.w3.org\/2000\/svg\" width=\"8.9\" height=\"16.387\" viewBox=\"0 0 8.9 16.387\">\n                            <path id=\"Path_13201\" data-name=\"Path 13201\" d=\"M-11495.989-4088.463l7.84,7.84-7.84,7.84\" transform=\"translate(11496.343 4088.817)\" fill=\"none\" stroke=\"#fff\" stroke-width=\"1\"\/>\n                        <\/svg>\n                    <\/div>\n                <\/div>\n            <\/div>\n        <\/div>        \n    <\/section><\/div>\n<\/div>\n\n\n\n<div class=\"wp-block-columns is-layout-flex wp-container-core-columns-is-layout-616b8f11 wp-block-columns-is-layout-flex\" style=\"padding-bottom:100px\">\n<div class=\"wp-block-column is-layout-flow wp-block-column-is-layout-flow\" style=\"padding-top:50px\">\n<h2 class=\"wp-block-heading\" style=\"font-weight:400\">Compartimos nuestro enfoque<br\/>hidro\u00e9tico del agua como recurso con<br\/>m\u00e1s de <strong><mark style=\"background-color:rgba(0, 0, 0, 0)\" class=\"has-inline-color has-primary-color\">8.500 instalaciones industriales<\/mark><mark style=\"background-color:rgba(0, 0, 0, 0)\" class=\"has-inline-color has-primary-color\"> en Francia.<\/mark><\/strong><\/h2>\n<\/div>\n<\/div>\n\n<\/div>\n        <\/div>\n                <svg id=\"separator_bottom\" class=\"separator\" xmlns=\"http:\/\/www.w3.org\/2000\/svg\" viewBox=\"0 0 1920 131.1\">\n            <path id=\"Path_14520\" d=\"m0,131.1v-59.94s899.47-160.12,1920,0v59.94H0Z\" fill=\"#009ee0\"\/>\n        <\/svg>\n            <\/div>\n<\/section>\n","protected":false},"excerpt":{"rendered":"","protected":false},"author":1,"featured_media":0,"parent":0,"menu_order":0,"comment_status":"closed","ping_status":"closed","template":"","meta":{"_acf_changed":false,"footnotes":""},"class_list":["post-4255","page","type-page","status-publish","hentry"],"acf":[],"_links":{"self":[{"href":"https:\/\/www.odyssee-environnement.fr\/es\/wp-json\/wp\/v2\/pages\/4255","targetHints":{"allow":["GET"]}}],"collection":[{"href":"https:\/\/www.odyssee-environnement.fr\/es\/wp-json\/wp\/v2\/pages"}],"about":[{"href":"https:\/\/www.odyssee-environnement.fr\/es\/wp-json\/wp\/v2\/types\/page"}],"author":[{"embeddable":true,"href":"https:\/\/www.odyssee-environnement.fr\/es\/wp-json\/wp\/v2\/users\/1"}],"replies":[{"embeddable":true,"href":"https:\/\/www.odyssee-environnement.fr\/es\/wp-json\/wp\/v2\/comments?post=4255"}],"version-history":[{"count":1,"href":"https:\/\/www.odyssee-environnement.fr\/es\/wp-json\/wp\/v2\/pages\/4255\/revisions"}],"predecessor-version":[{"id":4256,"href":"https:\/\/www.odyssee-environnement.fr\/es\/wp-json\/wp\/v2\/pages\/4255\/revisions\/4256"}],"wp:attachment":[{"href":"https:\/\/www.odyssee-environnement.fr\/es\/wp-json\/wp\/v2\/media?parent=4255"}],"curies":[{"name":"wp","href":"https:\/\/api.w.org\/{rel}","templated":true}]}}