{"id":4226,"date":"2024-01-11T15:06:05","date_gmt":"2024-01-11T14:06:05","guid":{"rendered":"https:\/\/www.odyssee-environnement.fr\/caso-clientes\/"},"modified":"2024-05-28T13:41:56","modified_gmt":"2024-05-28T11:41:56","slug":"caso-clientes","status":"publish","type":"page","link":"https:\/\/www.odyssee-environnement.fr\/es\/caso-clientes\/","title":{"rendered":"Caso clientes"},"content":{"rendered":"\n<section class=\"odyssee-block flex-start container-odyssee\" >\n        <div class=\"background-overlay has-primary-background-color\" style=\"\">\n                    \n            <svg xmlns=\"http:\/\/www.w3.org\/2000\/svg\" xmlns:xlink=\"http:\/\/www.w3.org\/1999\/xlink\" width=\"2332.433\" height=\"2898.525\" viewBox=\"0 0 2332.433 2898.525\">\n                <defs>\n                    <linearGradient id=\"linear-gradient\" x1=\"0.401\" y1=\"0.928\" x2=\"0.402\" y2=\"1.016\" gradientUnits=\"objectBoundingBox\">\n                    <stop offset=\"0\" stop-color=\"#fff\"\/>\n                    <stop offset=\"1\" stop-color=\"#7a7e80\" stop-opacity=\"0\"\/>\n                    <\/linearGradient>\n                    <linearGradient id=\"linear-gradient-2\" x1=\"0.53\" y1=\"0.798\" x2=\"0.528\" y2=\"0.931\" xlink:href=\"#linear-gradient\"\/>\n                <\/defs>\n                <g id=\"Group_12726\" data-name=\"Group 12726\" transform=\"translate(316.034 1366.262)\">\n                    <path id=\"Path_13396\" data-name=\"Path 13396\" d=\"M1472.949,795.811c1.351-200.366-74.4-400.819-227.132-553.583C1177.472,173.882,1150,143.352,1024.3,45.858c-8.61-6.905-17.836-14.545-27.179-23.066C1102.487,155.928,1165.866,324,1165.866,507.03c0,430.408-348.866,779.219-779.182,779.219a778.653,778.653,0,0,1-365.673-90.971c135.162,231.071,385.83,386.539,673.021,386.539,430.4,0,779.182-349.046,779.182-779.453,0-2.2-.264-4.173-.264-6.553\" transform=\"translate(398.44 -822.516)\" opacity=\"0.174\" fill=\"url(#linear-gradient)\"\/>\n                    <path id=\"Path_13397\" data-name=\"Path 13397\" d=\"M2035.252,954.755a806.021,806.021,0,0,0-62.263-69.786c-74.045-74.046-103.81-107.044-239.825-212.883C1597.355,566.336,1375.424,281.464,1375.424,0c0,77.954-17.13,156.232-44.662,230.895,55.975,217.437,218.052,415.775,324.831,499.165,131.225,102.107,160.05,133.9,231.568,205.155,159.2,159.64,238.444,369.114,236.975,578.236,0,2.116.323,4.5.323,6.7,0,449.566-364.174,814.155-813.824,814.155-449.621,0-813.8-364.589-813.8-814.155,0-2.2.206-4.584.206-6.7-1.322-209.121,77.718-418.6,237.239-578.236,71.372-71.255,100.2-103.047,231.275-205.155,45.6-35.525,101.372-92.558,154.643-162.373C497.545,591.929,0,1103.787,0,1732.269c0,644.2,522.138,1166.256,1166.275,1166.256,644.167,0,1166.157-522.055,1166.157-1166.256,0-298.888-112.508-571.272-297.181-777.514\" transform=\"translate(-316.034 -1366.262)\" opacity=\"0.174\" fill=\"url(#linear-gradient-2)\"\/>\n                <\/g>\n            <\/svg>\n                \n        <div class=\"wrapper-container\">\n                            <div class=\"breadcrumbs bleu\">\n                    <span class=\"home\"><a href=\"https:\/\/www.odyssee-environnement.fr\/es\/\" rel=\"nofollow\">Inicio<\/a><\/span>\n                                    <\/div>\n            \n            <div class=\"acf-innerblocks-container\">\n\n<div class=\"wp-block-columns is-layout-flex wp-container-core-columns-is-layout-01ca06ff wp-block-columns-is-layout-flex\" style=\"padding-top:100px;padding-bottom:100px\">\n<div class=\"wp-block-column is-layout-flow wp-block-column-is-layout-flow\">\n<h1 class=\"wp-block-heading has-white-color has-text-color has-link-color wp-elements-82ce6f993af326d2d9b93d52fa750d7c\">Caso clientes<\/h1>\n<\/div>\n\n\n\n<div class=\"wp-block-column is-layout-flow wp-block-column-is-layout-flow\">\n<p class=\"has-white-color has-text-color has-link-color wp-elements-de9431fcc2b0009c4bcb3c0eed423a4d\"><strong>Trabajamos en toda clase de redes<\/strong>, protegiendo sus recursos sin modificar sus procesos internos.<\/p>\n<\/div>\n<\/div>\n\n<\/div>\n        <\/div>\n            <\/div>\n<\/section>\n<script type=\"application\/ld+json\">{\"@context\":\"https:\/\/schema.org\",\"@type\":\"ItemList\",\"@id\":\"https:\/\/www.odyssee-environnement.fr\/es\/caso-clientes\/#itemlist\",\"name\":\"Liste des cas clients\",\"itemListOrder\":\"https:\/\/schema.org\/ItemListOrderAscending\",\"itemListElement\":[{\"@type\":\"ListItem\",\"position\":1,\"url\":\"https:\/\/www.odyssee-environnement.fr\/es\/cas_clients\/tres-torres-aerorrefrigerantes\/\",\"name\":\"Tres torres aerorrefrigerantes\"},{\"@type\":\"ListItem\",\"position\":2,\"url\":\"https:\/\/www.odyssee-environnement.fr\/es\/cas_clients\/lavanderia-industrial-caldera-vapor\/\",\"name\":\"Lavander\u00eda industrial caldera vapor\"},{\"@type\":\"ListItem\",\"position\":3,\"url\":\"https:\/\/www.odyssee-environnement.fr\/es\/cas_clients\/planta-de-restauracion-industrial\/\",\"name\":\"Planta de restauraci\u00f3n industrial\"},{\"@type\":\"ListItem\",\"position\":4,\"url\":\"https:\/\/www.odyssee-environnement.fr\/es\/cas_clients\/red-de-calefaccion-urbana\/\",\"name\":\"Red de calefacci\u00f3n urbana\"},{\"@type\":\"ListItem\",\"position\":5,\"url\":\"https:\/\/www.odyssee-environnement.fr\/es\/cas_clients\/desembarrado-de-una-red-cerrada-centro-comercial\/\",\"name\":\"Desembarrado de una red cerrada (Centro Comercial)\"},{\"@type\":\"ListItem\",\"position\":6,\"url\":\"https:\/\/www.odyssee-environnement.fr\/es\/cas_clients\/realizacion-de-una-nueva-linea-de-distribucion-de-agua\/\",\"name\":\"Realizaci\u00f3n de una nueva l\u00ednea de distribuci\u00f3n de agua\"}]}<\/script>\n<section class=\"archive-cas_clients\">\n    <div class=\"filter-cas_clients\">\n        <div class=\"wrapper-container\">\n            <span>Filtros<\/span>\n            <form action=\"\">\n                                <select name=\"type_dinstallation\" id=\"type_dinstallation\">\n                    <option value=\"none\">Clase de instalaciones<\/option>\n                                            <option value=\"caldera-de-vapor\">Caldera de vapor<\/option>\n                                            <option value=\"circuito-cerrado\">Circuito Cerrado<\/option>\n                                            <option value=\"circuito-semiabierto\">Circuito semiabierto<\/option>\n                                            <option value=\"torre-de-refrigeracion\">Torre de refrigeraci\u00f3n<\/option>\n                                    <\/select>\n                \n                                <select name=\"secteur\" id=\"secteur\">\n                    <option value=\"none\">Sectores<\/option>\n                                            <option value=\"borgona-franco-condado\">Borgo\u00f1a &#8211; Franco Condado<\/option>\n                                            <option value=\"isla-de-francia\">Isla de Francia<\/option>\n                                            <option value=\"paises-del-loira\">Pa\u00edses del Loira<\/option>\n                                            <option value=\"provenza-alpes-costa-azul\">Provenza-Alpes-Costa Azul<\/option>\n                                            <option value=\"region-gran-este-de-francia\">Regi\u00f3n Gran Este de Francia<\/option>\n                                            <option value=\"rodano\">R\u00f3dano<\/option>\n                                    <\/select>\n                \n                                <select name=\"innovation\" id=\"innovation\">\n                    <option value=\"none\">Innovaciones<\/option>\n                                            <option value=\"odylife-es\">ODYLIFE<\/option>\n                                            <option value=\"odysecure-es\">ODYSECURE<\/option>\n                                    <\/select>\n                            <\/form>\n        <\/div>\n    <\/div>\n\n\n            <div class=\"background-overlay has-background-background-color\">\n            <div class=\"cas_clients-odyssee\">\n                <div class=\"cas_clients\">\n                                            <article class=\"cas_client\" data-sujet=\"ods\" data-innovations=\"\" data-secteur=\"provenza-alpes-costa-azul\" data-type_dinstallation=\"torre-de-refrigeracion\">\n                            <div class=\"img-sizer\">\n                                <img loading=\"lazy\" decoding=\"async\" width=\"1000\" height=\"667\" src=\"https:\/\/www.odyssee-environnement.fr\/wp-content\/files\/2024\/03\/odyssee-visuels-AdobeStock_143646375-112.jpg\" class=\"attachment-large size-large wp-post-image\" alt=\"\" srcset=\"https:\/\/www.odyssee-environnement.fr\/wp-content\/files\/2024\/03\/odyssee-visuels-AdobeStock_143646375-112.jpg 1000w, https:\/\/www.odyssee-environnement.fr\/wp-content\/files\/2024\/03\/odyssee-visuels-AdobeStock_143646375-112-300x200.jpg 300w, https:\/\/www.odyssee-environnement.fr\/wp-content\/files\/2024\/03\/odyssee-visuels-AdobeStock_143646375-112-768x512.jpg 768w\" sizes=\"auto, (max-width: 1000px) 100vw, 1000px\" title=\"\">                            <\/div>\n\n                            <div class=\"content\">\n                                <div class=\"meta\">\n                                    <span>Torre de refrigeraci\u00f3n<\/span>\n                                    <i>|<\/i>\n                                    <span>Provenza-Alpes-Costa Azul<\/span>\n                                    <i>|<\/i>\n                                    <span>Industria<\/span>\n                                <\/div>\n\n                                <h4>Tres torres aerorrefrigerantes<\/h4>\n                                <p>La combinaci\u00f3n del ODYREF A56 con el programa de tratamiento biocida garantiza el control de los riesgos causados por legionelas, a la vez que respeta los compromisos de Florette con [&hellip;]<\/p>\n                                <a href=\"https:\/\/www.odyssee-environnement.fr\/es\/cas_clients\/tres-torres-aerorrefrigerantes\/\">M\u00e1s informaci\u00f3n                                    <svg xmlns=\"http:\/\/www.w3.org\/2000\/svg\" width=\"13.002\" height=\"9.39\" viewBox=\"0 0 13.002 9.39\">\n                                        <path id=\"Path_14109\" data-name=\"Path 14109\" d=\"M13,4.7a.554.554,0,0,0-.185-.408L8.31.131a.554.554,0,0,0-.75.815l3.469,3.2H.554a.554.554,0,0,0,0,1.109H11.028L7.56,8.445a.554.554,0,0,0,.75.815L12.824,5.1A.554.554,0,0,0,13,4.7\" transform=\"translate(0 0)\" fill=\"#009ee0\"\/>\n                                    <\/svg>\n                                <\/a>\n                            <\/div>\n                        <\/article>\n                                            <article class=\"cas_client\" data-sujet=\"solucion-global\" data-innovations=\"\" data-secteur=\"rodano\" data-type_dinstallation=\"caldera-de-vapor\">\n                            <div class=\"img-sizer\">\n                                <img loading=\"lazy\" decoding=\"async\" width=\"1024\" height=\"518\" src=\"https:\/\/www.odyssee-environnement.fr\/wp-content\/files\/2024\/03\/odyssee-visuels-Blanchisserie-lyon-108-1024x518.jpg\" class=\"attachment-large size-large wp-post-image\" alt=\"\" srcset=\"https:\/\/www.odyssee-environnement.fr\/wp-content\/files\/2024\/03\/odyssee-visuels-Blanchisserie-lyon-108-1024x518.jpg 1024w, https:\/\/www.odyssee-environnement.fr\/wp-content\/files\/2024\/03\/odyssee-visuels-Blanchisserie-lyon-108-300x152.jpg 300w, https:\/\/www.odyssee-environnement.fr\/wp-content\/files\/2024\/03\/odyssee-visuels-Blanchisserie-lyon-108-768x389.jpg 768w, https:\/\/www.odyssee-environnement.fr\/wp-content\/files\/2024\/03\/odyssee-visuels-Blanchisserie-lyon-108.jpg 1500w\" sizes=\"auto, (max-width: 1024px) 100vw, 1024px\" title=\"\">                            <\/div>\n\n                            <div class=\"content\">\n                                <div class=\"meta\">\n                                    <span>Caldera de vapor<\/span>\n                                    <i>|<\/i>\n                                    <span>R\u00f3dano<\/span>\n                                    <i>|<\/i>\n                                    <span>Industria<\/span>\n                                <\/div>\n\n                                <h4>Lavander\u00eda industrial caldera vapor<\/h4>\n                                <p>Buscando el ahorro energ\u00e9tico, el cliente realiz\u00f3 un completo estudio de eficiencia energ\u00e9tica de todo su cuarto de calderas de vapor.<\/p>\n                                <a href=\"https:\/\/www.odyssee-environnement.fr\/es\/cas_clients\/lavanderia-industrial-caldera-vapor\/\">M\u00e1s informaci\u00f3n                                    <svg xmlns=\"http:\/\/www.w3.org\/2000\/svg\" width=\"13.002\" height=\"9.39\" viewBox=\"0 0 13.002 9.39\">\n                                        <path id=\"Path_14109\" data-name=\"Path 14109\" d=\"M13,4.7a.554.554,0,0,0-.185-.408L8.31.131a.554.554,0,0,0-.75.815l3.469,3.2H.554a.554.554,0,0,0,0,1.109H11.028L7.56,8.445a.554.554,0,0,0,.75.815L12.824,5.1A.554.554,0,0,0,13,4.7\" transform=\"translate(0 0)\" fill=\"#009ee0\"\/>\n                                    <\/svg>\n                                <\/a>\n                            <\/div>\n                        <\/article>\n                                            <article class=\"cas_client\" data-sujet=\"riesgos\" data-innovations=\"odysecure-es\" data-secteur=\"paises-del-loira\" data-type_dinstallation=\"caldera-de-vapor\">\n                            <div class=\"img-sizer\">\n                                <img loading=\"lazy\" decoding=\"async\" width=\"700\" height=\"397\" src=\"https:\/\/www.odyssee-environnement.fr\/wp-content\/files\/2024\/01\/odyssee-visuels-CRestauration-industrielle-\u2013-chaudiere-vapeur-109.jpg\" class=\"attachment-large size-large wp-post-image\" alt=\"\" srcset=\"https:\/\/www.odyssee-environnement.fr\/wp-content\/files\/2024\/01\/odyssee-visuels-CRestauration-industrielle-\u2013-chaudiere-vapeur-109.jpg 700w, https:\/\/www.odyssee-environnement.fr\/wp-content\/files\/2024\/01\/odyssee-visuels-CRestauration-industrielle-\u2013-chaudiere-vapeur-109-300x170.jpg 300w\" sizes=\"auto, (max-width: 700px) 100vw, 700px\" title=\"\">                            <\/div>\n\n                            <div class=\"content\">\n                                <div class=\"meta\">\n                                    <span>Caldera de vapor<\/span>\n                                    <i>|<\/i>\n                                    <span>Pa\u00edses del Loira<\/span>\n                                    <i>|<\/i>\n                                    <span>Industria<\/span>\n                                <\/div>\n\n                                <h4>Planta de restauraci\u00f3n industrial<\/h4>\n                                <p>ODYVAP VA 30 no solamente protege las instalaciones contra el fen\u00f3meno de la corrosi\u00f3n, sino que tambi\u00e9n ahorra agua, al reducir las purgas, y ahorra gas al proporcionar un mejor [&hellip;]<\/p>\n                                <a href=\"https:\/\/www.odyssee-environnement.fr\/es\/cas_clients\/planta-de-restauracion-industrial\/\">M\u00e1s informaci\u00f3n                                    <svg xmlns=\"http:\/\/www.w3.org\/2000\/svg\" width=\"13.002\" height=\"9.39\" viewBox=\"0 0 13.002 9.39\">\n                                        <path id=\"Path_14109\" data-name=\"Path 14109\" d=\"M13,4.7a.554.554,0,0,0-.185-.408L8.31.131a.554.554,0,0,0-.75.815l3.469,3.2H.554a.554.554,0,0,0,0,1.109H11.028L7.56,8.445a.554.554,0,0,0,.75.815L12.824,5.1A.554.554,0,0,0,13,4.7\" transform=\"translate(0 0)\" fill=\"#009ee0\"\/>\n                                    <\/svg>\n                                <\/a>\n                            <\/div>\n                        <\/article>\n                                            <article class=\"cas_client\" data-sujet=\"riesgos\" data-innovations=\"odylife-es\" data-secteur=\"borgona-franco-condado isla-de-francia\" data-type_dinstallation=\"circuito-cerrado\">\n                            <div class=\"img-sizer\">\n                                <img loading=\"lazy\" decoding=\"async\" width=\"540\" height=\"260\" src=\"https:\/\/www.odyssee-environnement.fr\/wp-content\/files\/2024\/01\/odyssee-visuels-ODYSSEE_Chauffage-urbain-03.jpg\" class=\"attachment-large size-large wp-post-image\" alt=\"\" srcset=\"https:\/\/www.odyssee-environnement.fr\/wp-content\/files\/2024\/01\/odyssee-visuels-ODYSSEE_Chauffage-urbain-03.jpg 540w, https:\/\/www.odyssee-environnement.fr\/wp-content\/files\/2024\/01\/odyssee-visuels-ODYSSEE_Chauffage-urbain-03-300x144.jpg 300w\" sizes=\"auto, (max-width: 540px) 100vw, 540px\" title=\"\">                            <\/div>\n\n                            <div class=\"content\">\n                                <div class=\"meta\">\n                                    <span>Circuito Cerrado<\/span>\n                                    <i>|<\/i>\n                                    <span>Borgo\u00f1a &#8211; Franco Condado Isla de Francia<\/span>\n                                    <i>|<\/i>\n                                    <span>Administraci\u00f3n<\/span>\n                                <\/div>\n\n                                <h4>Red de calefacci\u00f3n urbana<\/h4>\n                                <p>Tratada con activos tradicionales, esta red cerrada de 5.000 m3 acab\u00f3 por embarrarse. La implementaci\u00f3n de nuestra soluci\u00f3n ODYTHERM FS 510P, combinada con una metodolog\u00eda de tratamiento y explotaci\u00f3n adecuada, [&hellip;]<\/p>\n                                <a href=\"https:\/\/www.odyssee-environnement.fr\/es\/cas_clients\/red-de-calefaccion-urbana\/\">M\u00e1s informaci\u00f3n                                    <svg xmlns=\"http:\/\/www.w3.org\/2000\/svg\" width=\"13.002\" height=\"9.39\" viewBox=\"0 0 13.002 9.39\">\n                                        <path id=\"Path_14109\" data-name=\"Path 14109\" d=\"M13,4.7a.554.554,0,0,0-.185-.408L8.31.131a.554.554,0,0,0-.75.815l3.469,3.2H.554a.554.554,0,0,0,0,1.109H11.028L7.56,8.445a.554.554,0,0,0,.75.815L12.824,5.1A.554.554,0,0,0,13,4.7\" transform=\"translate(0 0)\" fill=\"#009ee0\"\/>\n                                    <\/svg>\n                                <\/a>\n                            <\/div>\n                        <\/article>\n                                            <article class=\"cas_client\" data-sujet=\"asistencia\" data-innovations=\"odylife-es\" data-secteur=\"isla-de-francia\" data-type_dinstallation=\"circuito-cerrado\">\n                            <div class=\"img-sizer\">\n                                <img loading=\"lazy\" decoding=\"async\" width=\"1024\" height=\"682\" src=\"https:\/\/www.odyssee-environnement.fr\/wp-content\/files\/2024\/01\/odyssee-visuels-ODYSSEE_LES-SAISONS-DE-MEAUX-1-02.jpg\" class=\"attachment-large size-large wp-post-image\" alt=\"\" srcset=\"https:\/\/www.odyssee-environnement.fr\/wp-content\/files\/2024\/01\/odyssee-visuels-ODYSSEE_LES-SAISONS-DE-MEAUX-1-02.jpg 1024w, https:\/\/www.odyssee-environnement.fr\/wp-content\/files\/2024\/01\/odyssee-visuels-ODYSSEE_LES-SAISONS-DE-MEAUX-1-02-300x200.jpg 300w, https:\/\/www.odyssee-environnement.fr\/wp-content\/files\/2024\/01\/odyssee-visuels-ODYSSEE_LES-SAISONS-DE-MEAUX-1-02-768x512.jpg 768w\" sizes=\"auto, (max-width: 1024px) 100vw, 1024px\" title=\"\">                            <\/div>\n\n                            <div class=\"content\">\n                                <div class=\"meta\">\n                                    <span>Circuito Cerrado<\/span>\n                                    <i>|<\/i>\n                                    <span>Isla de Francia<\/span>\n                                    <i>|<\/i>\n                                    <span>Sector Terciario<\/span>\n                                <\/div>\n\n                                <h4>Desembarrado de una red cerrada (Centro Comercial)<\/h4>\n                                <p>Desembarrado de una red cerrada. En menos de dos a\u00f1os la corrosi\u00f3n ha progresado dentro del circuito cerrado del centro, hasta alcanzar sus l\u00edmites: M\u00e1s de 99 ppm de hierro [&hellip;]<\/p>\n                                <a href=\"https:\/\/www.odyssee-environnement.fr\/es\/cas_clients\/desembarrado-de-una-red-cerrada-centro-comercial\/\">M\u00e1s informaci\u00f3n                                    <svg xmlns=\"http:\/\/www.w3.org\/2000\/svg\" width=\"13.002\" height=\"9.39\" viewBox=\"0 0 13.002 9.39\">\n                                        <path id=\"Path_14109\" data-name=\"Path 14109\" d=\"M13,4.7a.554.554,0,0,0-.185-.408L8.31.131a.554.554,0,0,0-.75.815l3.469,3.2H.554a.554.554,0,0,0,0,1.109H11.028L7.56,8.445a.554.554,0,0,0,.75.815L12.824,5.1A.554.554,0,0,0,13,4.7\" transform=\"translate(0 0)\" fill=\"#009ee0\"\/>\n                                    <\/svg>\n                                <\/a>\n                            <\/div>\n                        <\/article>\n                                            <article class=\"cas_client\" data-sujet=\"consumo\" data-innovations=\"\" data-secteur=\"region-gran-este-de-francia\" data-type_dinstallation=\"torre-de-refrigeracion\">\n                            <div class=\"img-sizer\">\n                                <img loading=\"lazy\" decoding=\"async\" width=\"1024\" height=\"401\" src=\"https:\/\/www.odyssee-environnement.fr\/wp-content\/files\/2024\/01\/odyssee-visuels-usine-01-1024x401.jpg\" class=\"attachment-large size-large wp-post-image\" alt=\"\" srcset=\"https:\/\/www.odyssee-environnement.fr\/wp-content\/files\/2024\/01\/odyssee-visuels-usine-01-1024x401.jpg 1024w, https:\/\/www.odyssee-environnement.fr\/wp-content\/files\/2024\/01\/odyssee-visuels-usine-01-300x117.jpg 300w, https:\/\/www.odyssee-environnement.fr\/wp-content\/files\/2024\/01\/odyssee-visuels-usine-01-768x300.jpg 768w, https:\/\/www.odyssee-environnement.fr\/wp-content\/files\/2024\/01\/odyssee-visuels-usine-01-1536x601.jpg 1536w, https:\/\/www.odyssee-environnement.fr\/wp-content\/files\/2024\/01\/odyssee-visuels-usine-01.jpg 1920w\" sizes=\"auto, (max-width: 1024px) 100vw, 1024px\" title=\"\">                            <\/div>\n\n                            <div class=\"content\">\n                                <div class=\"meta\">\n                                    <span>Torre de refrigeraci\u00f3n<\/span>\n                                    <i>|<\/i>\n                                    <span>Regi\u00f3n Gran Este de Francia<\/span>\n                                    <i>|<\/i>\n                                    <span>Industria<\/span>\n                                <\/div>\n\n                                <h4>Realizaci\u00f3n de una nueva l\u00ednea de distribuci\u00f3n de agua<\/h4>\n                                <p>Tras una modificaci\u00f3n en las t\u00e9cnicas de producci\u00f3n, al cliente ya no le quedaba agua bruta en las inmediaciones directas de las torres aerorrefrigerantes. El circuito de agua de la [&hellip;]<\/p>\n                                <a href=\"https:\/\/www.odyssee-environnement.fr\/es\/cas_clients\/realizacion-de-una-nueva-linea-de-distribucion-de-agua\/\">M\u00e1s informaci\u00f3n                                    <svg xmlns=\"http:\/\/www.w3.org\/2000\/svg\" width=\"13.002\" height=\"9.39\" viewBox=\"0 0 13.002 9.39\">\n                                        <path id=\"Path_14109\" data-name=\"Path 14109\" d=\"M13,4.7a.554.554,0,0,0-.185-.408L8.31.131a.554.554,0,0,0-.75.815l3.469,3.2H.554a.554.554,0,0,0,0,1.109H11.028L7.56,8.445a.554.554,0,0,0,.75.815L12.824,5.1A.554.554,0,0,0,13,4.7\" transform=\"translate(0 0)\" fill=\"#009ee0\"\/>\n                                    <\/svg>\n                                <\/a>\n                            <\/div>\n                        <\/article>\n                                    <\/div>\n\n                <div class=\"pagination\">\n                    <span id=\"prev_page\" class=\"button hidden\">                                 \n                        <svg xmlns=\"http:\/\/www.w3.org\/2000\/svg\" width=\"6.795\" height=\"12.176\" viewBox=\"0 0 6.795 12.176\">\n                            <path id=\"Path_14276\" data-name=\"Path 14276\" d=\"M-21185.637,10547.531l-5.734,5.734,5.734,5.734\" transform=\"translate(21192.078 -10547.178)\" fill=\"none\" stroke=\"#009ee0\" stroke-width=\"1\"\/>\n                        <\/svg>\n                    <\/span>\n                    <span id=\"next_page\" class=\"button\"> \n                        <svg xmlns=\"http:\/\/www.w3.org\/2000\/svg\" width=\"6.795\" height=\"12.176\" viewBox=\"0 0 6.795 12.176\">\n                            <path id=\"Path_14277\" data-name=\"Path 14277\" d=\"M-21185.637,10547.531l-5.734,5.734,5.734,5.734\" transform=\"translate(-21185.283 10559.354) rotate(180)\" fill=\"none\" stroke=\"#009ee0\" stroke-width=\"1\"\/>\n                        <\/svg>\n                    <\/span>\n                <\/div>\n            <\/div>\n        <\/div>\n    <\/section>\n\n\n\n<section class=\"odyssee-block flex-start container-odyssee\" >\n        <div class=\"background-overlay has-background-background-color\" style=\"\">\n                \n        <div class=\"wrapper-container\">\n            \n            <div class=\"acf-innerblocks-container\"><\/div>\n        <\/div>\n                <svg id=\"separator_bottom\" class=\"separator\" xmlns=\"http:\/\/www.w3.org\/2000\/svg\" viewBox=\"0 0 1920 131.1\">\n            <path id=\"Path_14520\" d=\"m0,131.1v-59.94s899.47-160.12,1920,0v59.94H0Z\" fill=\"#009ee0\"\/>\n        <\/svg>\n            <\/div>\n<\/section>\n","protected":false},"excerpt":{"rendered":"","protected":false},"author":1,"featured_media":0,"parent":0,"menu_order":0,"comment_status":"closed","ping_status":"closed","template":"","meta":{"_acf_changed":false,"footnotes":""},"class_list":["post-4226","page","type-page","status-publish","hentry"],"acf":[],"_links":{"self":[{"href":"https:\/\/www.odyssee-environnement.fr\/es\/wp-json\/wp\/v2\/pages\/4226","targetHints":{"allow":["GET"]}}],"collection":[{"href":"https:\/\/www.odyssee-environnement.fr\/es\/wp-json\/wp\/v2\/pages"}],"about":[{"href":"https:\/\/www.odyssee-environnement.fr\/es\/wp-json\/wp\/v2\/types\/page"}],"author":[{"embeddable":true,"href":"https:\/\/www.odyssee-environnement.fr\/es\/wp-json\/wp\/v2\/users\/1"}],"replies":[{"embeddable":true,"href":"https:\/\/www.odyssee-environnement.fr\/es\/wp-json\/wp\/v2\/comments?post=4226"}],"version-history":[{"count":1,"href":"https:\/\/www.odyssee-environnement.fr\/es\/wp-json\/wp\/v2\/pages\/4226\/revisions"}],"predecessor-version":[{"id":4227,"href":"https:\/\/www.odyssee-environnement.fr\/es\/wp-json\/wp\/v2\/pages\/4226\/revisions\/4227"}],"wp:attachment":[{"href":"https:\/\/www.odyssee-environnement.fr\/es\/wp-json\/wp\/v2\/media?parent=4226"}],"curies":[{"name":"wp","href":"https:\/\/api.w.org\/{rel}","templated":true}]}}