{"id":4218,"date":"2024-01-11T15:07:40","date_gmt":"2024-01-11T14:07:40","guid":{"rendered":"https:\/\/www.odyssee-environnement.fr\/nuestro-cometido\/"},"modified":"2024-09-06T15:25:57","modified_gmt":"2024-09-06T13:25:57","slug":"nuestro-cometido","status":"publish","type":"page","link":"https:\/\/www.odyssee-environnement.fr\/es\/nuestro-cometido\/","title":{"rendered":"Nuestro cometido"},"content":{"rendered":"\n<section class=\"odyssee-block flex-start container-odyssee\" >\n        <div class=\"background-overlay has-primary-background-color\" style=\"\">\n                    \n            <svg xmlns=\"http:\/\/www.w3.org\/2000\/svg\" xmlns:xlink=\"http:\/\/www.w3.org\/1999\/xlink\" width=\"2332.433\" height=\"2898.525\" viewBox=\"0 0 2332.433 2898.525\">\n                <defs>\n                    <linearGradient id=\"linear-gradient\" x1=\"0.401\" y1=\"0.928\" x2=\"0.402\" y2=\"1.016\" gradientUnits=\"objectBoundingBox\">\n                    <stop offset=\"0\" stop-color=\"#fff\"\/>\n                    <stop offset=\"1\" stop-color=\"#7a7e80\" stop-opacity=\"0\"\/>\n                    <\/linearGradient>\n                    <linearGradient id=\"linear-gradient-2\" x1=\"0.53\" y1=\"0.798\" x2=\"0.528\" y2=\"0.931\" xlink:href=\"#linear-gradient\"\/>\n                <\/defs>\n                <g id=\"Group_12726\" data-name=\"Group 12726\" transform=\"translate(316.034 1366.262)\">\n                    <path id=\"Path_13396\" data-name=\"Path 13396\" d=\"M1472.949,795.811c1.351-200.366-74.4-400.819-227.132-553.583C1177.472,173.882,1150,143.352,1024.3,45.858c-8.61-6.905-17.836-14.545-27.179-23.066C1102.487,155.928,1165.866,324,1165.866,507.03c0,430.408-348.866,779.219-779.182,779.219a778.653,778.653,0,0,1-365.673-90.971c135.162,231.071,385.83,386.539,673.021,386.539,430.4,0,779.182-349.046,779.182-779.453,0-2.2-.264-4.173-.264-6.553\" transform=\"translate(398.44 -822.516)\" opacity=\"0.174\" fill=\"url(#linear-gradient)\"\/>\n                    <path id=\"Path_13397\" data-name=\"Path 13397\" d=\"M2035.252,954.755a806.021,806.021,0,0,0-62.263-69.786c-74.045-74.046-103.81-107.044-239.825-212.883C1597.355,566.336,1375.424,281.464,1375.424,0c0,77.954-17.13,156.232-44.662,230.895,55.975,217.437,218.052,415.775,324.831,499.165,131.225,102.107,160.05,133.9,231.568,205.155,159.2,159.64,238.444,369.114,236.975,578.236,0,2.116.323,4.5.323,6.7,0,449.566-364.174,814.155-813.824,814.155-449.621,0-813.8-364.589-813.8-814.155,0-2.2.206-4.584.206-6.7-1.322-209.121,77.718-418.6,237.239-578.236,71.372-71.255,100.2-103.047,231.275-205.155,45.6-35.525,101.372-92.558,154.643-162.373C497.545,591.929,0,1103.787,0,1732.269c0,644.2,522.138,1166.256,1166.275,1166.256,644.167,0,1166.157-522.055,1166.157-1166.256,0-298.888-112.508-571.272-297.181-777.514\" transform=\"translate(-316.034 -1366.262)\" opacity=\"0.174\" fill=\"url(#linear-gradient-2)\"\/>\n                <\/g>\n            <\/svg>\n                \n        <div class=\"wrapper-container\">\n                            <div class=\"breadcrumbs blanc\">\n                    <span class=\"home\"><a href=\"https:\/\/www.odyssee-environnement.fr\/es\/\" rel=\"nofollow\">Inicio<\/a><\/span>\n                                    <\/div>\n            \n            <div class=\"acf-innerblocks-container\">\n\n<div class=\"wp-block-columns is-layout-flex wp-container-core-columns-is-layout-01ca06ff wp-block-columns-is-layout-flex\" style=\"padding-top:100px;padding-bottom:100px\">\n<div class=\"wp-block-column is-layout-flow wp-block-column-is-layout-flow\" style=\"flex-basis:80%\">\n<h1 class=\"wp-block-heading\"><mark style=\"background-color:rgba(0, 0, 0, 0)\" class=\"has-inline-color has-white-color\">Nuestro cometido es <\/mark>actuar para un uso \u00e9tico del agua<\/h1>\n\n\n\n<p class=\"has-white-color has-text-color has-link-color wp-elements-ac2491c3423ddc19046fae80da1a0200\"><strong>Al servicio de los industriales desde hace m\u00e1s de 15 a\u00f1os,<\/strong> aportamos nuestra experiencia en el tratamiento del <br>agua, para <strong>garantizar el rendimiento<\/strong> de las <strong>instalaciones<\/strong> optimizando su <strong>huella h\u00eddrica y <br>medioambiental.<\/strong><\/p>\n<\/div>\n<\/div>\n\n<\/div>\n        <\/div>\n            <\/div>\n<\/section>\n\n\n\n<section class=\"odyssee-block flex-start container-odyssee\" >\n        <div class=\"background-overlay has-background-background-color\" style=\"\">\n                \n        <div class=\"wrapper-container\">\n            \n            <div class=\"acf-innerblocks-container\">\n\n<div class=\"wp-block-columns is-layout-flex wp-container-core-columns-is-layout-01ca06ff wp-block-columns-is-layout-flex\" style=\"padding-top:100px;padding-bottom:100px\">\n<div class=\"wp-block-column is-layout-flow wp-block-column-is-layout-flow\" style=\"padding-bottom:5px\">\n<div class=\"wp-block-columns is-layout-flex wp-container-core-columns-is-layout-c2d6fa21 wp-block-columns-is-layout-flex\">\n<div class=\"wp-block-column is-layout-flow wp-block-column-is-layout-flow\">\n<h4 class=\"wp-block-heading has-text-align-center has-primary-color has-text-color has-link-color wp-elements-08920297688a53640d963ce6c424911d\" style=\"font-weight:300\">Nuestro cometido, inscrito en nuestros estatutos, surgi\u00f3 en primer lugar de la constataci\u00f3n de que es urgente <br><strong>reequilibrar los v\u00ednculos entre agua, industria y medio ambiente.<\/strong><\/h4>\n<\/div>\n<\/div>\n<\/div>\n<\/div>\n\n\n\n<div class=\"wp-block-columns are-vertically-aligned-center is-layout-flex wp-container-core-columns-is-layout-19dd7343 wp-block-columns-is-layout-flex\" style=\"padding-bottom:100px\">\n<div class=\"wp-block-column is-vertically-aligned-center is-layout-flow wp-block-column-is-layout-flow\">\n<div class=\"image-odyssee\">\n            <div class=\"img-sizer wide\" style=\"border-radius: 250px 10px 10px 10px\">\n            <img loading=\"lazy\" decoding=\"async\" width=\"1024\" height=\"681\" src=\"https:\/\/www.odyssee-environnement.fr\/wp-content\/files\/2024\/01\/odyssee-visuels-NHJ3853-web-1024x681-40.jpg\" class=\"attachment-large size-large\" alt=\"\" srcset=\"https:\/\/www.odyssee-environnement.fr\/wp-content\/files\/2024\/01\/odyssee-visuels-NHJ3853-web-1024x681-40.jpg 1024w, https:\/\/www.odyssee-environnement.fr\/wp-content\/files\/2024\/01\/odyssee-visuels-NHJ3853-web-1024x681-40-300x200.jpg 300w, https:\/\/www.odyssee-environnement.fr\/wp-content\/files\/2024\/01\/odyssee-visuels-NHJ3853-web-1024x681-40-768x511.jpg 768w\" sizes=\"auto, (max-width: 1024px) 100vw, 1024px\" title=\"\">        <\/div>\n\n            <\/div><\/div>\n\n\n\n<div class=\"wp-block-column is-vertically-aligned-center is-layout-flow wp-block-column-is-layout-flow\">\n<h3 class=\"wp-block-heading\">Reequilibrar los v\u00ednculos entre <mark style=\"background-color:rgba(0, 0, 0, 0)\" class=\"has-inline-color has-primary-color\">agua, industria y medio ambiente<\/mark><\/h3>\n\n\n\n<p><strong>Sin agua, no hay industria.<\/strong><\/p>\n\n\n\n<p>El agua es un recurso imprescindible para el desarrollo de nuestras actividades, ya sean dom\u00e9sticas, agr\u00edcolas o industriales.<\/p>\n\n\n\n<p>Para calentar, enfriar o accionar, <strong>necesitamos agua.<\/strong> Y este recurso es cada vez m\u00e1s necesario para las industrias de cualquier sector: agroalimentaci\u00f3n, automoci\u00f3n, aeron\u00e1utica, energ\u00eda, etc.<\/p>\n\n\n\n<p><strong>Pero el agua es un recurso limitado por las leyes de conservaci\u00f3n, y su propio ciclo.<\/strong><\/p>\n<\/div>\n<\/div>\n\n<\/div>\n        <\/div>\n                <svg id=\"separator_bottom\" class=\"separator\" xmlns=\"http:\/\/www.w3.org\/2000\/svg\" viewBox=\"0 0 1920 131.1\">\n            <path id=\"Path_14520\" d=\"m0,131.1v-59.94s899.47-160.12,1920,0v59.94H0Z\" fill=\"#ffffff\"\/>\n        <\/svg>\n            <\/div>\n<\/section>\n\n\n\n<section class=\"odyssee-block flex-start container-odyssee\" >\n        <div class=\"background-overlay has--background-color\" style=\"\">\n                \n        <div class=\"wrapper-container\">\n            \n            <div class=\"acf-innerblocks-container\">\n\n<div class=\"wp-block-columns are-vertically-aligned-center is-layout-flex wp-container-core-columns-is-layout-70f02da6 wp-block-columns-is-layout-flex\" style=\"padding-top:100px;padding-bottom:50px\">\n<div class=\"wp-block-column is-vertically-aligned-center is-layout-flow wp-block-column-is-layout-flow\">\n<h3 class=\"wp-block-heading\">Para evitar el despilfarro del agua en la industria, <mark style=\"background-color:rgba(0, 0, 0, 0)\" class=\"has-inline-color has-primary-color\">es preciso poder optimizar su uso<\/mark><\/h3>\n\n\n\n<p>Nuestra experiencia en el tratamiento de las aguas industriales <strong>da respuesta a la incompatibilidad natural entre el agua y los metales<\/strong> de las instalaciones hidr\u00e1ulicas (circuitos cerrados de calor o fr\u00edo, torre de refrigeraci\u00f3n, caldera de vapor, geotermia, redes de calefacci\u00f3n urbana, etc.), <strong>que provoca un desperdicio de agua<\/strong>, <strong>energ\u00eda<\/strong> <strong>y carbono<\/strong>, <strong>as\u00ed como malos rendimientos<\/strong>.<\/p>\n\n\n\n<p><strong>El agua se debe tratar<\/strong> para evitar que sus incrustaciones de sarro, corrosi\u00f3n y cargas bacteriol\u00f3gicas desequilibren, ralenticen o deterioren los circuitos industriales.<\/p>\n<\/div>\n\n\n\n<div class=\"wp-block-column is-vertically-aligned-center is-layout-flow wp-block-column-is-layout-flow\">\n<div class=\"image-odyssee\">\n            <div class=\"img-sizer wide\" style=\"border-radius: 250px 10px 10px 10px\">\n            <img loading=\"lazy\" decoding=\"async\" width=\"1024\" height=\"681\" src=\"https:\/\/www.odyssee-environnement.fr\/wp-content\/files\/2024\/01\/odyssee-visuels-NHJ3853-web-1024x681-41.jpg\" class=\"attachment-large size-large\" alt=\"\" srcset=\"https:\/\/www.odyssee-environnement.fr\/wp-content\/files\/2024\/01\/odyssee-visuels-NHJ3853-web-1024x681-41.jpg 1024w, https:\/\/www.odyssee-environnement.fr\/wp-content\/files\/2024\/01\/odyssee-visuels-NHJ3853-web-1024x681-41-300x200.jpg 300w, https:\/\/www.odyssee-environnement.fr\/wp-content\/files\/2024\/01\/odyssee-visuels-NHJ3853-web-1024x681-41-768x511.jpg 768w\" sizes=\"auto, (max-width: 1024px) 100vw, 1024px\" title=\"\">        <\/div>\n\n            <\/div><\/div>\n<\/div>\n\n<\/div>\n        <\/div>\n            <\/div>\n<\/section>\n\n\n\n<section class=\"odyssee-block flex-start container-odyssee\" >\n        <div class=\"background-overlay has--background-color\" style=\"\">\n                    <svg id=\"cercle\" xmlns=\"http:\/\/www.w3.org\/2000\/svg\" xmlns:xlink=\"http:\/\/www.w3.org\/1999\/xlink\" width=\"363\" height=\"363\" viewBox=\"0 0 363 363\">\n                <defs>\n                    <linearGradient id=\"linear-gradient-cercle\" x1=\"0.5\" x2=\"0.5\" y2=\"1\" gradientUnits=\"objectBoundingBox\">\n                    <stop offset=\"0\" stop-color=\"#009ee0\" stop-opacity=\"0.416\"\/>\n                    <stop offset=\"1\" stop-color=\"#009ee0\" stop-opacity=\"0\"\/>\n                    <\/linearGradient>\n                <\/defs>\n                <circle id=\"Ellipse_265\" data-name=\"Ellipse 265\" cx=\"181.5\" cy=\"181.5\" r=\"181.5\" opacity=\"0.521\" fill=\"url(#linear-gradient-cercle)\"\/>\n            <\/svg>\n                \n        <div class=\"wrapper-container\">\n            \n            <div class=\"acf-innerblocks-container\">\n\n<div class=\"wp-block-columns is-layout-flex wp-container-core-columns-is-layout-96c5c1ad wp-block-columns-is-layout-flex\" style=\"padding-top:150px;padding-bottom:150px\">\n<div class=\"wp-block-column is-layout-flow wp-block-column-is-layout-flow\" style=\"padding-bottom:0px\">\n<h2 class=\"wp-block-heading has-text-align-center has-primary-color has-text-color has-link-color wp-elements-027457f0dbb7142762ef6b0755948012\" style=\"font-weight:400\"><strong>Un agua no tratada es menos eficaz,<\/strong> es un agua desperdiciada, porque se necesita m\u00e1s para obtener el mismo resultado, y <br>consume m\u00e1s energ\u00eda.<\/h2>\n<\/div>\n<\/div>\n\n<\/div>\n        <\/div>\n            <\/div>\n<\/section>\n\n\n\n<section class=\"odyssee-block flex-start withSeparator container-odyssee\" >\n        <svg id=\"separator_top\" class=\"separator\" xmlns=\"http:\/\/www.w3.org\/2000\/svg\" viewBox=\"0 0 1920 131.1\">\n        <path id=\"Path_14520\" d=\"m0,131.1v-59.94s899.47-160.12,1920,0v59.94H0Z\" fill=\"#eff9fd\"\/>\n    <\/svg>\n        <div class=\"background-overlay has-background-background-color\" style=\"\">\n                \n        <div class=\"wrapper-container\">\n            \n            <div class=\"acf-innerblocks-container\">\n\n<div class=\"wp-block-columns are-vertically-aligned-center is-layout-flex wp-container-core-columns-is-layout-316cb4e6 wp-block-columns-is-layout-flex\" style=\"padding-top:50px;padding-bottom:100px\">\n<div class=\"wp-block-column is-vertically-aligned-center is-layout-flow wp-block-column-is-layout-flow\">\n<div class=\"image-odyssee\">\n            <div class=\"img-sizer wide\" style=\"border-radius: 250px 10px 10px 10px\">\n            <img loading=\"lazy\" decoding=\"async\" width=\"1024\" height=\"576\" src=\"https:\/\/www.odyssee-environnement.fr\/wp-content\/files\/2024\/01\/odyssee-visuels-ODYSECURE-1024x576-42.jpg\" class=\"attachment-large size-large\" alt=\"\" srcset=\"https:\/\/www.odyssee-environnement.fr\/wp-content\/files\/2024\/01\/odyssee-visuels-ODYSECURE-1024x576-42.jpg 1024w, https:\/\/www.odyssee-environnement.fr\/wp-content\/files\/2024\/01\/odyssee-visuels-ODYSECURE-1024x576-42-300x169.jpg 300w, https:\/\/www.odyssee-environnement.fr\/wp-content\/files\/2024\/01\/odyssee-visuels-ODYSECURE-1024x576-42-768x432.jpg 768w\" sizes=\"auto, (max-width: 1024px) 100vw, 1024px\" title=\"\">        <\/div>\n\n            <\/div><\/div>\n\n\n\n<div class=\"wp-block-column is-vertically-aligned-center is-layout-flow wp-block-column-is-layout-flow\">\n<h3 class=\"wp-block-heading\">El uso \u00e9tico <mark style=\"background-color:rgba(0, 0, 0, 0)\" class=\"has-inline-color has-primary-color\">del agua<\/mark><\/h3>\n\n\n\n<p>Ante este reto industrial, los equipos de Odyss\u00e9e Environnement <strong>ofrecen una eficiencia \u00e9tica,<\/strong> que va en la direcci\u00f3n de una <strong>huella humana<\/strong> sobre el agua y el medio ambiente <strong>lo menor posible.<\/strong><\/p>\n\n\n\n<p><strong>La hidro\u00e9tica<\/strong> consiste en <strong>reducir el consumo de los recursos h\u00eddricos y energ\u00e9ticos<\/strong> de su circuito industrial, sin comprometer el rendimiento. En una palabra, equivale a <strong>ahorrar<\/strong>, tanto para los <strong>industriales<\/strong> como para el <strong>planeta<\/strong>.<\/p>\n<\/div>\n<\/div>\n\n<\/div>\n        <\/div>\n            <\/div>\n<\/section>\n\n\n\n<section class=\"odyssee-block flex-start container-odyssee\" >\n        <div class=\"background-overlay has-secondary-background-color\" style=\"\">\n                    <svg xmlns=\"http:\/\/www.w3.org\/2000\/svg\" width=\"2121.391\" height=\"2636.24\" viewBox=\"0 0 2121.391 2636.24\">\n                <g id=\"Group_13483\" data-name=\"Group 13483\" transform=\"translate(9861.494 18748.77)\" opacity=\"0.102\">\n                    <path id=\"Path_13231\" data-name=\"Path 13231\" d=\"M1341.577,725.861c1.229-182.235-67.666-364.549-206.58-503.49-62.162-62.161-87.149-89.928-201.476-178.6-7.831-6.28-16.222-13.229-24.72-20.979,95.834,121.089,153.479,273.953,153.479,440.42,0,391.461-317.3,708.707-708.681,708.707A708.206,708.206,0,0,1,21.011,1089.18c122.933,210.162,350.919,351.561,612.125,351.561,391.461,0,708.681-317.461,708.681-708.921,0-2-.24-3.795-.24-5.96\" transform=\"translate(-9320.992 -18162.455)\" fill=\"#009ee0\"\/>\n                    <path id=\"Path_13232\" data-name=\"Path 13232\" d=\"M1851.1,868.36a733.164,733.164,0,0,0-56.629-63.471c-67.346-67.346-94.417-97.357-218.126-193.619C1452.825,515.088,1250.975,255.994,1250.975,0c0,70.9-15.58,142.094-40.621,210,50.91,197.761,198.323,378.152,295.44,454,119.352,92.868,145.569,121.784,210.616,186.59A735.446,735.446,0,0,1,1931.942,1376.5c0,1.924.294,4.089.294,6.093,0,408.885-331.223,740.483-740.189,740.483-408.939,0-740.163-331.6-740.163-740.483,0-2,.187-4.169.187-6.093-1.2-190.2,70.686-380.717,215.774-525.912C732.76,785.781,758.976,756.865,878.194,664c41.477-32.31,92.2-84.182,140.651-147.68C452.526,538.365,0,1003.906,0,1575.517,0,2161.426,474.895,2636.24,1060.75,2636.24c585.881,0,1060.642-474.814,1060.642-1060.722,0-271.842-102.328-519.578-270.291-707.158\" transform=\"translate(-9861.494 -18748.77)\" fill=\"#009ee0\"\/>\n                <\/g>\n            <\/svg>\n                \n        <div class=\"wrapper-container\">\n            \n            <div class=\"acf-innerblocks-container\">\n\n<div class=\"wp-block-columns is-layout-flex wp-container-core-columns-is-layout-28f84493 wp-block-columns-is-layout-flex\">\n<div class=\"wp-block-column is-layout-flow wp-block-column-is-layout-flow\" style=\"padding-top:150px;padding-bottom:150px\">\n<h3 class=\"wp-block-heading has-text-align-center has-white-color has-text-color has-link-color wp-elements-779abda912d146530070aba1839b52b9\" style=\"font-weight:300\">La pol\u00edtica de Odyss\u00e9e <strong>optimiza el rendimiento <\/strong><br><strong>de su instalaci\u00f3n<\/strong> y <strong>prolonga la vida \u00fatil de sus <\/strong><br><strong>equipos<\/strong>, a la vez que le permite controlar los costes.<\/h3>\n\n\n\n<div class=\"group-buttons\">\n            <div class=\"wrapper-buttons center\">\n                                                <a href=\"https:\/\/www.odyssee-environnement.fr\/es\/soluciones\/\" class=\"button blanc\">\n                                                Explore nuestras soluciones                                                    <img loading=\"lazy\" decoding=\"async\" width=\"1\" height=\"1\" src=\"https:\/\/www.odyssee-environnement.fr\/wp-content\/files\/2024\/01\/odyssee-icones-arrow-40.svg\" class=\"attachment-large size-large\" alt=\"\" title=\"\">                                            <\/a>\n                                    <\/div>\n    <\/div><\/div>\n<\/div>\n\n<\/div>\n        <\/div>\n                <svg id=\"separator_bottom\" class=\"separator\" xmlns=\"http:\/\/www.w3.org\/2000\/svg\" viewBox=\"0 0 1920 131.1\">\n            <path id=\"Path_14520\" d=\"m0,131.1v-59.94s899.47-160.12,1920,0v59.94H0Z\" fill=\"#ffffff\"\/>\n        <\/svg>\n            <\/div>\n<\/section>\n\n\n\n<section class=\"odyssee-block flex-start container-odyssee\" >\n        <div class=\"background-overlay has--background-color\" style=\"\">\n                \n        <div class=\"wrapper-container\">\n            \n            <div class=\"acf-innerblocks-container\">\n\n<div class=\"wp-block-columns is-layout-flex wp-container-core-columns-is-layout-28f84493 wp-block-columns-is-layout-flex\">\n<div class=\"wp-block-column is-layout-flow wp-block-column-is-layout-flow\" style=\"padding-top:100px;padding-bottom:100px\">\n<div class=\"navigation-entreprise is-layout-flow wp-block-odyssee-navigation-entreprise-is-layout-flow\">\n    <div class=\"title\">\n        <h3>Descubra <span>tambi\u00e9n<\/span><\/h3>\n    <\/div>\n\n    <div class=\"navs\">\n                    <div class=\"nav\">\n                <svg width=\"1099px\" height=\"1366px\" viewBox=\"0 0 1099 1366\" version=\"1.1\" xmlns=\"http:\/\/www.w3.org\/2000\/svg\" xmlns:xlink=\"http:\/\/www.w3.org\/1999\/xlink\">\n                    <g id=\"Page-1\" stroke=\"none\" stroke-width=\"1\" fill=\"none\" fill-rule=\"evenodd\" opacity=\"0.197\">\n                        <g id=\"Group\" fill=\"#FFFFFF\" fill-rule=\"nonzero\">\n                            <g id=\"Group_13556\">\n                                <path d=\"M974.879,679.68 C975.673946,581.906675 937.114141,487.921655 867.879,418.88 C835.679,386.68 822.738,372.299 763.518,326.369 C759.462,323.116 755.118,319.517 750.718,315.502 C802.248516,380.369448 830.272888,460.786707 830.218,543.631 C830.218,746.4 665.863,910.731 463.136,910.731 C403.065393,910.766113 343.905303,896.048803 290.853,867.872 C354.53,976.731 472.622,1049.972 607.921,1049.972 C810.69,1049.972 975.003,885.534 975.003,682.765 C975.003,681.727 974.879,680.799 974.879,679.678\" id=\"Path_14096\"><\/path>\n                                <path d=\"M958.832,449.793 C949.699243,438.275516 939.905427,427.298042 929.5,416.916 C894.616,382.032 880.594,366.487 816.515,316.625 C752.534,266.805 647.979,132.6 647.979,0 C647.979,36.725 639.909,73.6 626.938,108.776 C653.308,211.212 729.665,304.651 779.97,343.937 C841.792,392.037 855.37,407.018 889.065,440.587 C961.280754,512.761458 1001.50206,610.903793 1000.707,713 C1000.707,714 1000.859,715.118 1000.859,716.156 C1000.859,927.95 829.292,1099.711 617.459,1099.711 C405.626,1099.711 234.067,927.949 234.067,716.155 C234.067,715.117 234.167,713.996 234.167,712.999 C233.380143,610.880978 273.649711,512.727622 345.93,440.587 C379.554,407.018 393.13,392.04 454.886,343.937 C476.37,327.201 502.644,300.337 527.74,267.437 C234.4,278.862 -1.8189894e-12,520 -1.8189894e-12,816.086 C-1.8189894e-12,1119.575 245.986,1365.519 549.447,1365.519 C852.908,1365.519 1098.8385,1119.575 1098.8385,816.086 C1099.02059,680.885384 1049.14716,550.403197 958.832,449.793\" id=\"Path_14097\"><\/path>\n                            <\/g>\n                        <\/g>\n                    <\/g>\n                <\/svg>\n\n                <h3>Nuestro cometido<\/h3>\n                <a href=\"https:\/\/www.odyssee-environnement.fr\/es\/nuestro-cometido\/\">\n                    M\u00e1s informaci\u00f3n                    <svg xmlns=\"http:\/\/www.w3.org\/2000\/svg\" width=\"14.269\" height=\"10.33\" viewBox=\"0 0 14.269 10.33\">\n                        <path id=\"Path_13247\" data-name=\"Path 13247\" d=\"M14.138,4.827,9.71.152a.5.5,0,0,0-.7-.019.511.511,0,0,0-.019.7l3.636,3.844H.492a.492.492,0,0,0,0,.984H12.631L8.995,9.5a.513.513,0,0,0,.019.7.5.5,0,0,0,.7-.019L14.138,5.5A.5.5,0,0,0,14.138,4.827Z\" transform=\"translate(0 0)\" fill=\"#009ee0\"\/>\n                    <\/svg>\n                <\/a>\n            <\/div>\n        \n                    <div class=\"nav\">\n                <svg width=\"1099px\" height=\"1366px\" viewBox=\"0 0 1099 1366\" version=\"1.1\" xmlns=\"http:\/\/www.w3.org\/2000\/svg\" xmlns:xlink=\"http:\/\/www.w3.org\/1999\/xlink\">\n                    <g id=\"Page-1\" stroke=\"none\" stroke-width=\"1\" fill=\"none\" fill-rule=\"evenodd\" opacity=\"0.197\">\n                        <g id=\"Group\" fill=\"#FFFFFF\" fill-rule=\"nonzero\">\n                            <g id=\"Group_13556\">\n                                <path d=\"M974.879,679.68 C975.673946,581.906675 937.114141,487.921655 867.879,418.88 C835.679,386.68 822.738,372.299 763.518,326.369 C759.462,323.116 755.118,319.517 750.718,315.502 C802.248516,380.369448 830.272888,460.786707 830.218,543.631 C830.218,746.4 665.863,910.731 463.136,910.731 C403.065393,910.766113 343.905303,896.048803 290.853,867.872 C354.53,976.731 472.622,1049.972 607.921,1049.972 C810.69,1049.972 975.003,885.534 975.003,682.765 C975.003,681.727 974.879,680.799 974.879,679.678\" id=\"Path_14096\"><\/path>\n                                <path d=\"M958.832,449.793 C949.699243,438.275516 939.905427,427.298042 929.5,416.916 C894.616,382.032 880.594,366.487 816.515,316.625 C752.534,266.805 647.979,132.6 647.979,0 C647.979,36.725 639.909,73.6 626.938,108.776 C653.308,211.212 729.665,304.651 779.97,343.937 C841.792,392.037 855.37,407.018 889.065,440.587 C961.280754,512.761458 1001.50206,610.903793 1000.707,713 C1000.707,714 1000.859,715.118 1000.859,716.156 C1000.859,927.95 829.292,1099.711 617.459,1099.711 C405.626,1099.711 234.067,927.949 234.067,716.155 C234.067,715.117 234.167,713.996 234.167,712.999 C233.380143,610.880978 273.649711,512.727622 345.93,440.587 C379.554,407.018 393.13,392.04 454.886,343.937 C476.37,327.201 502.644,300.337 527.74,267.437 C234.4,278.862 -1.8189894e-12,520 -1.8189894e-12,816.086 C-1.8189894e-12,1119.575 245.986,1365.519 549.447,1365.519 C852.908,1365.519 1098.8385,1119.575 1098.8385,816.086 C1099.02059,680.885384 1049.14716,550.403197 958.832,449.793\" id=\"Path_14097\"><\/path>\n                            <\/g>\n                        <\/g>\n                    <\/g>\n                <\/svg>\n\n                <h3>Nuestras actividades<\/h3>\n                <a href=\"https:\/\/www.odyssee-environnement.fr\/es\/nuestras-actividades\/\">\n                    M\u00e1s informaci\u00f3n                    <svg xmlns=\"http:\/\/www.w3.org\/2000\/svg\" width=\"14.269\" height=\"10.33\" viewBox=\"0 0 14.269 10.33\">\n                        <path id=\"Path_13247\" data-name=\"Path 13247\" d=\"M14.138,4.827,9.71.152a.5.5,0,0,0-.7-.019.511.511,0,0,0-.019.7l3.636,3.844H.492a.492.492,0,0,0,0,.984H12.631L8.995,9.5a.513.513,0,0,0,.019.7.5.5,0,0,0,.7-.019L14.138,5.5A.5.5,0,0,0,14.138,4.827Z\" transform=\"translate(0 0)\" fill=\"#009ee0\"\/>\n                    <\/svg>\n                <\/a>\n            <\/div>\n            <\/div>\n<\/div><\/div>\n<\/div>\n\n<\/div>\n        <\/div>\n                <svg id=\"separator_bottom\" class=\"separator\" xmlns=\"http:\/\/www.w3.org\/2000\/svg\" viewBox=\"0 0 1920 131.1\">\n            <path id=\"Path_14520\" d=\"m0,131.1v-59.94s899.47-160.12,1920,0v59.94H0Z\" fill=\"#009ee0\"\/>\n        <\/svg>\n            <\/div>\n<\/section>\n","protected":false},"excerpt":{"rendered":"","protected":false},"author":1,"featured_media":0,"parent":0,"menu_order":0,"comment_status":"closed","ping_status":"closed","template":"","meta":{"_acf_changed":false,"footnotes":""},"class_list":["post-4218","page","type-page","status-publish","hentry"],"acf":[],"_links":{"self":[{"href":"https:\/\/www.odyssee-environnement.fr\/es\/wp-json\/wp\/v2\/pages\/4218","targetHints":{"allow":["GET"]}}],"collection":[{"href":"https:\/\/www.odyssee-environnement.fr\/es\/wp-json\/wp\/v2\/pages"}],"about":[{"href":"https:\/\/www.odyssee-environnement.fr\/es\/wp-json\/wp\/v2\/types\/page"}],"author":[{"embeddable":true,"href":"https:\/\/www.odyssee-environnement.fr\/es\/wp-json\/wp\/v2\/users\/1"}],"replies":[{"embeddable":true,"href":"https:\/\/www.odyssee-environnement.fr\/es\/wp-json\/wp\/v2\/comments?post=4218"}],"version-history":[{"count":3,"href":"https:\/\/www.odyssee-environnement.fr\/es\/wp-json\/wp\/v2\/pages\/4218\/revisions"}],"predecessor-version":[{"id":4775,"href":"https:\/\/www.odyssee-environnement.fr\/es\/wp-json\/wp\/v2\/pages\/4218\/revisions\/4775"}],"wp:attachment":[{"href":"https:\/\/www.odyssee-environnement.fr\/es\/wp-json\/wp\/v2\/media?parent=4218"}],"curies":[{"name":"wp","href":"https:\/\/api.w.org\/{rel}","templated":true}]}}