{"id":4216,"date":"2024-01-11T15:07:47","date_gmt":"2024-01-11T14:07:47","guid":{"rendered":"https:\/\/www.odyssee-environnement.fr\/nuestras-actividades\/"},"modified":"2024-09-06T15:32:23","modified_gmt":"2024-09-06T13:32:23","slug":"nuestras-actividades","status":"publish","type":"page","link":"https:\/\/www.odyssee-environnement.fr\/es\/nuestras-actividades\/","title":{"rendered":"Nuestras actividades"},"content":{"rendered":"\n<section class=\"odyssee-block flex-start container-odyssee\" >\n        <div class=\"background-overlay has-primary-background-color\" style=\"\">\n                    \n            <svg xmlns=\"http:\/\/www.w3.org\/2000\/svg\" xmlns:xlink=\"http:\/\/www.w3.org\/1999\/xlink\" width=\"2332.433\" height=\"2898.525\" viewBox=\"0 0 2332.433 2898.525\">\n                <defs>\n                    <linearGradient id=\"linear-gradient\" x1=\"0.401\" y1=\"0.928\" x2=\"0.402\" y2=\"1.016\" gradientUnits=\"objectBoundingBox\">\n                    <stop offset=\"0\" stop-color=\"#fff\"\/>\n                    <stop offset=\"1\" stop-color=\"#7a7e80\" stop-opacity=\"0\"\/>\n                    <\/linearGradient>\n                    <linearGradient id=\"linear-gradient-2\" x1=\"0.53\" y1=\"0.798\" x2=\"0.528\" y2=\"0.931\" xlink:href=\"#linear-gradient\"\/>\n                <\/defs>\n                <g id=\"Group_12726\" data-name=\"Group 12726\" transform=\"translate(316.034 1366.262)\">\n                    <path id=\"Path_13396\" data-name=\"Path 13396\" d=\"M1472.949,795.811c1.351-200.366-74.4-400.819-227.132-553.583C1177.472,173.882,1150,143.352,1024.3,45.858c-8.61-6.905-17.836-14.545-27.179-23.066C1102.487,155.928,1165.866,324,1165.866,507.03c0,430.408-348.866,779.219-779.182,779.219a778.653,778.653,0,0,1-365.673-90.971c135.162,231.071,385.83,386.539,673.021,386.539,430.4,0,779.182-349.046,779.182-779.453,0-2.2-.264-4.173-.264-6.553\" transform=\"translate(398.44 -822.516)\" opacity=\"0.174\" fill=\"url(#linear-gradient)\"\/>\n                    <path id=\"Path_13397\" data-name=\"Path 13397\" d=\"M2035.252,954.755a806.021,806.021,0,0,0-62.263-69.786c-74.045-74.046-103.81-107.044-239.825-212.883C1597.355,566.336,1375.424,281.464,1375.424,0c0,77.954-17.13,156.232-44.662,230.895,55.975,217.437,218.052,415.775,324.831,499.165,131.225,102.107,160.05,133.9,231.568,205.155,159.2,159.64,238.444,369.114,236.975,578.236,0,2.116.323,4.5.323,6.7,0,449.566-364.174,814.155-813.824,814.155-449.621,0-813.8-364.589-813.8-814.155,0-2.2.206-4.584.206-6.7-1.322-209.121,77.718-418.6,237.239-578.236,71.372-71.255,100.2-103.047,231.275-205.155,45.6-35.525,101.372-92.558,154.643-162.373C497.545,591.929,0,1103.787,0,1732.269c0,644.2,522.138,1166.256,1166.275,1166.256,644.167,0,1166.157-522.055,1166.157-1166.256,0-298.888-112.508-571.272-297.181-777.514\" transform=\"translate(-316.034 -1366.262)\" opacity=\"0.174\" fill=\"url(#linear-gradient-2)\"\/>\n                <\/g>\n            <\/svg>\n                \n        <div class=\"wrapper-container\">\n                            <div class=\"breadcrumbs blanc\">\n                    <span class=\"home\"><a href=\"https:\/\/www.odyssee-environnement.fr\/es\/\" rel=\"nofollow\">Inicio<\/a><\/span>\n                                    <\/div>\n            \n            <div class=\"acf-innerblocks-container\">\n\n<div class=\"wp-block-columns is-layout-flex wp-container-core-columns-is-layout-01ca06ff wp-block-columns-is-layout-flex\" style=\"padding-top:100px;padding-bottom:100px\">\n<div class=\"wp-block-column is-layout-flow wp-block-column-is-layout-flow\" style=\"flex-basis:80%\">\n<h1 class=\"wp-block-heading\"><mark style=\"background-color:rgba(0, 0, 0, 0)\" class=\"has-inline-color has-white-color\">Nuestras actividades para un enfoque global<\/mark> <br>del agua como recurso industrial<\/h1>\n\n\n\n<h4 class=\"wp-block-heading has-white-color has-text-color has-link-color wp-elements-a9903d0d25f52229042fc1c020286660\" style=\"font-weight:400\">Para superar los diversos retos que rodean la gesti\u00f3n del agua en la industria, la optimizaci\u00f3n de los circuitos de las aguas de proceso, la reutilizaci\u00f3n de las aguas explotadas o las problem\u00e1ticas de los vertidos, Odyss\u00e9e Environnement ha estructurado su experiencia en tres actividades complementarias.<\/h4>\n<\/div>\n<\/div>\n\n<\/div>\n        <\/div>\n            <\/div>\n<\/section>\n\n\n\n<section class=\"odyssee-block flex-start container-odyssee\" >\n        <div class=\"background-overlay has-background-background-color\" style=\"\">\n                \n        <div class=\"wrapper-container\">\n            \n            <div class=\"acf-innerblocks-container\">\n\n<div class=\"wp-block-columns is-layout-flex wp-container-core-columns-is-layout-939cc98d wp-block-columns-is-layout-flex\" style=\"padding-top:100px;padding-bottom:50px\">\n<div class=\"wp-block-column is-layout-flow wp-block-column-is-layout-flow\">\n<h4 class=\"wp-block-heading\" style=\"font-weight:400\"><strong>Los equipos<\/strong> de hidro\u00e9ticos de Odyss\u00e9e <strong>est\u00e1n con usted.<\/strong><\/h4>\n<\/div>\n<\/div>\n\n\n\n<div class=\"wp-block-columns has-white-background-color has-background is-layout-flex wp-container-core-columns-is-layout-1b0693ac wp-block-columns-is-layout-flex\" style=\"border-radius:10px;padding-top:30px;padding-right:30px;padding-bottom:30px;padding-left:30px\">\n<div class=\"wp-block-column is-layout-flow wp-block-column-is-layout-flow\" style=\"flex-basis:33.33%\">\n<div class=\"image-odyssee\">\n            <div class=\"img-sizer wide\" style=\"border-radius: 10px 10px 150px 10px\">\n            <img loading=\"lazy\" decoding=\"async\" width=\"1000\" height=\"1000\" src=\"https:\/\/www.odyssee-environnement.fr\/wp-content\/files\/2024\/01\/odyssee-visuels-Rectangle-19824-43.jpg\" class=\"attachment-large size-large\" alt=\"\" srcset=\"https:\/\/www.odyssee-environnement.fr\/wp-content\/files\/2024\/01\/odyssee-visuels-Rectangle-19824-43.jpg 1000w, https:\/\/www.odyssee-environnement.fr\/wp-content\/files\/2024\/01\/odyssee-visuels-Rectangle-19824-43-300x300.jpg 300w, https:\/\/www.odyssee-environnement.fr\/wp-content\/files\/2024\/01\/odyssee-visuels-Rectangle-19824-43-150x150.jpg 150w, https:\/\/www.odyssee-environnement.fr\/wp-content\/files\/2024\/01\/odyssee-visuels-Rectangle-19824-43-768x768.jpg 768w\" sizes=\"auto, (max-width: 1000px) 100vw, 1000px\" title=\"\">        <\/div>\n\n            <\/div><\/div>\n\n\n\n<div class=\"wp-block-column is-vertically-aligned-center is-layout-flow wp-block-column-is-layout-flow\" style=\"flex-basis:66.66%\">\n<h2 class=\"wp-block-heading has-primary-color has-text-color has-link-color wp-elements-8eb36b652b90b8315aabd722354a960a\">Asesoramiento y Apoyo<\/h2>\n\n\n\n<p><strong>El apoyo a los industriales<\/strong> y los operadores, desde el an\u00e1lisis de las necesidades hasta el <br>mantenimiento, pasando por la definici\u00f3n de los objetivos, la puesta en servicio del dispositivo de <br>tratamiento de las aguas o el seguimiento operativo (tratamiento del agua, equipos, <br>supervisi\u00f3n).<\/p>\n\n\n\n<div class=\"lien-odyssee align wp-block-odyssee-lien-odyssee\">\n    <a href=\"https:\/\/www.odyssee-environnement.fr\/es\/nuestras-actividades\/asesorar-y-apoyar\/\">\n        M\u00e1s informaci\u00f3n        <svg xmlns=\"http:\/\/www.w3.org\/2000\/svg\" width=\"14.269\" height=\"10.33\" viewBox=\"0 0 14.269 10.33\">\n            <path id=\"Path_13247\" data-name=\"Path 13247\" d=\"M14.138,4.827,9.71.152a.5.5,0,0,0-.7-.019.511.511,0,0,0-.019.7l3.636,3.844H.492a.492.492,0,0,0,0,.984H12.631L8.995,9.5a.513.513,0,0,0,.019.7.5.5,0,0,0,.7-.019L14.138,5.5A.5.5,0,0,0,14.138,4.827Z\" transform=\"translate(0 0)\" fill=\"#fff\"\/>\n        <\/svg>\n    <\/a>\n<\/div>\n<\/div>\n<\/div>\n\n\n\n<div class=\"wp-block-columns has-white-background-color has-background is-layout-flex wp-container-core-columns-is-layout-aeb00904 wp-block-columns-is-layout-flex\" style=\"border-radius:10px;margin-top:30px;margin-bottom:30px;padding-top:30px;padding-right:30px;padding-bottom:30px;padding-left:30px\">\n<div class=\"wp-block-column is-layout-flow wp-block-column-is-layout-flow\" style=\"flex-basis:33.33%\">\n<div class=\"image-odyssee\">\n            <div class=\"img-sizer wide\" style=\"border-radius: 10px 10px 150px 10px\">\n            <img loading=\"lazy\" decoding=\"async\" width=\"1024\" height=\"682\" src=\"https:\/\/www.odyssee-environnement.fr\/wp-content\/files\/2024\/01\/odyssee-visuels-Rectangle-19835-44-1024x682.jpg\" class=\"attachment-large size-large\" alt=\"\" srcset=\"https:\/\/www.odyssee-environnement.fr\/wp-content\/files\/2024\/01\/odyssee-visuels-Rectangle-19835-44-1024x682.jpg 1024w, https:\/\/www.odyssee-environnement.fr\/wp-content\/files\/2024\/01\/odyssee-visuels-Rectangle-19835-44-300x200.jpg 300w, https:\/\/www.odyssee-environnement.fr\/wp-content\/files\/2024\/01\/odyssee-visuels-Rectangle-19835-44-768x511.jpg 768w, https:\/\/www.odyssee-environnement.fr\/wp-content\/files\/2024\/01\/odyssee-visuels-Rectangle-19835-44-1536x1022.jpg 1536w, https:\/\/www.odyssee-environnement.fr\/wp-content\/files\/2024\/01\/odyssee-visuels-Rectangle-19835-44.jpg 2048w\" sizes=\"auto, (max-width: 1024px) 100vw, 1024px\" title=\"\">        <\/div>\n\n            <\/div><\/div>\n\n\n\n<div class=\"wp-block-column is-vertically-aligned-center is-layout-flow wp-block-column-is-layout-flow\" style=\"flex-basis:66.66%\">\n<h2 class=\"wp-block-heading has-primary-color has-text-color has-link-color wp-elements-5afc825bd57cb3d964247f257d5d1c6f\">Innovaci\u00f3n y Fabricaci\u00f3n<\/h2>\n\n\n\n<p><strong>La b\u00fasqueda de soluciones<\/strong> de tratamiento del agua cada vez m\u00e1s virtuosas es una experiencia vertebradora de Odyss\u00e9e. Todos los a\u00f1os, destinamos entre un 6 y un 7 % de nuestra facturaci\u00f3n a I+D, lo que nos permite ir siempre por delante en nuestro mercado.<\/p>\n\n\n\n<div class=\"lien-odyssee align wp-block-odyssee-lien-odyssee\">\n    <a href=\"https:\/\/www.odyssee-environnement.fr\/es\/nuestras-actividades\/innovacion-y-fabricacion\/\">\n        M\u00e1s informaci\u00f3n        <svg xmlns=\"http:\/\/www.w3.org\/2000\/svg\" width=\"14.269\" height=\"10.33\" viewBox=\"0 0 14.269 10.33\">\n            <path id=\"Path_13247\" data-name=\"Path 13247\" d=\"M14.138,4.827,9.71.152a.5.5,0,0,0-.7-.019.511.511,0,0,0-.019.7l3.636,3.844H.492a.492.492,0,0,0,0,.984H12.631L8.995,9.5a.513.513,0,0,0,.019.7.5.5,0,0,0,.7-.019L14.138,5.5A.5.5,0,0,0,14.138,4.827Z\" transform=\"translate(0 0)\" fill=\"#fff\"\/>\n        <\/svg>\n    <\/a>\n<\/div>\n<\/div>\n<\/div>\n\n\n\n<div class=\"wp-block-columns has-white-background-color has-background is-layout-flex wp-container-core-columns-is-layout-96285205 wp-block-columns-is-layout-flex\" style=\"border-radius:10px;margin-bottom:150px;padding-top:30px;padding-right:30px;padding-bottom:30px;padding-left:30px\">\n<div class=\"wp-block-column is-layout-flow wp-block-column-is-layout-flow\" style=\"flex-basis:33.33%\">\n<div class=\"image-odyssee\">\n            <div class=\"img-sizer wide\" style=\"border-radius: 10px 10px 150px 10px\">\n            <img loading=\"lazy\" decoding=\"async\" width=\"450\" height=\"315\" src=\"https:\/\/www.odyssee-environnement.fr\/wp-content\/files\/2024\/01\/odyssee-visuels-Rectangle-20127-45.jpg\" class=\"attachment-large size-large\" alt=\"\" srcset=\"https:\/\/www.odyssee-environnement.fr\/wp-content\/files\/2024\/01\/odyssee-visuels-Rectangle-20127-45.jpg 450w, https:\/\/www.odyssee-environnement.fr\/wp-content\/files\/2024\/01\/odyssee-visuels-Rectangle-20127-45-300x210.jpg 300w\" sizes=\"auto, (max-width: 450px) 100vw, 450px\" title=\"\">        <\/div>\n\n            <\/div><\/div>\n\n\n\n<div class=\"wp-block-column is-vertically-aligned-center is-layout-flow wp-block-column-is-layout-flow\" style=\"flex-basis:66.66%\">\n<h2 class=\"wp-block-heading has-primary-color has-text-color has-link-color wp-elements-d044cb4b411516933cb76623dfec05e0\">Academia de Odyss\u00e9e<\/h2>\n\n\n\n<p>La formaci\u00f3n est\u00e1 en el ADN de nuestros compromisos para un uso \u00e9tico del agua. Impartimos formaci\u00f3n de continuo a nuestros empleados, pero tambi\u00e9n a nuestros colaboradores y clientes, tanto sobre las \u00faltimas soluciones ofrecidas como, en general, sobre las cuestiones relacionadas con el rendimiento del agua.<\/p>\n\n\n\n<div class=\"lien-odyssee align wp-block-odyssee-lien-odyssee\">\n    <a href=\"https:\/\/www.odyssee-environnement.fr\/es\/nuestras-actividades\/cursos-de-formacion\/\">\n        M\u00e1s informaci\u00f3n        <svg xmlns=\"http:\/\/www.w3.org\/2000\/svg\" width=\"14.269\" height=\"10.33\" viewBox=\"0 0 14.269 10.33\">\n            <path id=\"Path_13247\" data-name=\"Path 13247\" d=\"M14.138,4.827,9.71.152a.5.5,0,0,0-.7-.019.511.511,0,0,0-.019.7l3.636,3.844H.492a.492.492,0,0,0,0,.984H12.631L8.995,9.5a.513.513,0,0,0,.019.7.5.5,0,0,0,.7-.019L14.138,5.5A.5.5,0,0,0,14.138,4.827Z\" transform=\"translate(0 0)\" fill=\"#fff\"\/>\n        <\/svg>\n    <\/a>\n<\/div>\n<\/div>\n<\/div>\n\n<\/div>\n        <\/div>\n                <svg id=\"separator_bottom\" class=\"separator\" xmlns=\"http:\/\/www.w3.org\/2000\/svg\" viewBox=\"0 0 1920 131.1\">\n            <path id=\"Path_14520\" d=\"m0,131.1v-59.94s899.47-160.12,1920,0v59.94H0Z\" fill=\"#004866\"\/>\n        <\/svg>\n            <\/div>\n<\/section>\n\n\n\n\n<section class=\"section-export container-odyssee align wp-block-odyssee-section-export is-layout-flow wp-block-odyssee-section-export-is-layout-flow\">\n    <div class=\"background-overlay has-secondary-background-color\">\n        <div class=\"wrapper-container\">\n            <div class=\"left-card\">\n                                    <h3>Exportaci\u00f3n y Distribuci\u00f3n<\/h3>\n                \n                                    <p>Reconocidas por su eficacia y fiabilidad, <strong>las soluciones Odyss\u00e9e se distribuyen por todo el mundo<\/strong> gracias a la red Odyss\u00e9e Team. Sobre el terreno, nuestros colaboradores reciben formaci\u00f3n en lo referente a la implementaci\u00f3n de nuestras innovaciones en materia de productos.<\/p>\n                \n                <a href=\"https:\/\/www.odyssee-environnement.fr\/nos-metiers\/export-distribution\/\">M\u00e1s informaci\u00f3n                    <svg xmlns=\"http:\/\/www.w3.org\/2000\/svg\" width=\"14.269\" height=\"10.33\" viewBox=\"0 0 14.269 10.33\">\n                        <path id=\"Path_13247\" data-name=\"Path 13247\" d=\"M14.138,4.827,9.71.152a.5.5,0,0,0-.7-.019.511.511,0,0,0-.019.7l3.636,3.844H.492a.492.492,0,0,0,0,.984H12.631L8.995,9.5a.513.513,0,0,0,.019.7.5.5,0,0,0,.7-.019L14.138,5.5A.5.5,0,0,0,14.138,4.827Z\" transform=\"translate(0 0)\" fill=\"#fff\"\/>\n                    <\/svg>\n                <\/a>\n            <\/div>\n\n            <div class=\"right-map\">\n                <div class=\"img-sizer\">\n                    <img loading=\"lazy\" decoding=\"async\" width=\"958\" height=\"708\" src=\"https:\/\/www.odyssee-environnement.fr\/wp-content\/files\/2024\/01\/odyssee-visuels-mapPlan-de-travail-2@3x-46.png\" class=\"attachment-full size-full\" alt=\"odyssee visuels mapplan de travail 2 3x 46\" srcset=\"https:\/\/www.odyssee-environnement.fr\/wp-content\/files\/2024\/01\/odyssee-visuels-mapPlan-de-travail-2@3x-46.png 958w, https:\/\/www.odyssee-environnement.fr\/wp-content\/files\/2024\/01\/odyssee-visuels-mapPlan-de-travail-2@3x-46-300x222.png 300w, https:\/\/www.odyssee-environnement.fr\/wp-content\/files\/2024\/01\/odyssee-visuels-mapPlan-de-travail-2@3x-46-768x568.png 768w\" sizes=\"auto, (max-width: 958px) 100vw, 958px\" title=\"\">                <\/div>\n            <\/div>\n        <\/div>    \n    <\/div>\n<\/section>\n\n\n<section class=\"odyssee-block flex-start container-odyssee\" >\n        <div class=\"background-overlay has-secondary-background-color\" style=\"\">\n                \n        <div class=\"wrapper-container\">\n            \n            <div class=\"acf-innerblocks-container\"><\/div>\n        <\/div>\n                <svg id=\"separator_bottom\" class=\"separator\" xmlns=\"http:\/\/www.w3.org\/2000\/svg\" viewBox=\"0 0 1920 131.1\">\n            <path id=\"Path_14520\" d=\"m0,131.1v-59.94s899.47-160.12,1920,0v59.94H0Z\" fill=\"#009ee0\"\/>\n        <\/svg>\n            <\/div>\n<\/section>\n","protected":false},"excerpt":{"rendered":"","protected":false},"author":1,"featured_media":0,"parent":0,"menu_order":0,"comment_status":"closed","ping_status":"closed","template":"","meta":{"_acf_changed":false,"footnotes":""},"class_list":["post-4216","page","type-page","status-publish","hentry"],"acf":[],"_links":{"self":[{"href":"https:\/\/www.odyssee-environnement.fr\/es\/wp-json\/wp\/v2\/pages\/4216","targetHints":{"allow":["GET"]}}],"collection":[{"href":"https:\/\/www.odyssee-environnement.fr\/es\/wp-json\/wp\/v2\/pages"}],"about":[{"href":"https:\/\/www.odyssee-environnement.fr\/es\/wp-json\/wp\/v2\/types\/page"}],"author":[{"embeddable":true,"href":"https:\/\/www.odyssee-environnement.fr\/es\/wp-json\/wp\/v2\/users\/1"}],"replies":[{"embeddable":true,"href":"https:\/\/www.odyssee-environnement.fr\/es\/wp-json\/wp\/v2\/comments?post=4216"}],"version-history":[{"count":2,"href":"https:\/\/www.odyssee-environnement.fr\/es\/wp-json\/wp\/v2\/pages\/4216\/revisions"}],"predecessor-version":[{"id":4783,"href":"https:\/\/www.odyssee-environnement.fr\/es\/wp-json\/wp\/v2\/pages\/4216\/revisions\/4783"}],"wp:attachment":[{"href":"https:\/\/www.odyssee-environnement.fr\/es\/wp-json\/wp\/v2\/media?parent=4216"}],"curies":[{"name":"wp","href":"https:\/\/api.w.org\/{rel}","templated":true}]}}