{"id":4210,"date":"2024-01-11T15:09:15","date_gmt":"2024-01-11T14:09:15","guid":{"rendered":"https:\/\/www.odyssee-environnement.fr\/exportacion-y-distribucion\/"},"modified":"2024-05-28T13:41:00","modified_gmt":"2024-05-28T11:41:00","slug":"exportacion-y-distribucion","status":"publish","type":"page","link":"https:\/\/www.odyssee-environnement.fr\/es\/nuestras-actividades\/exportacion-y-distribucion\/","title":{"rendered":"Exportaci\u00f3n y Distribuci\u00f3n"},"content":{"rendered":"\n<section class=\"odyssee-block flex-start container-odyssee\" >\n        <div class=\"background-overlay has-primary-background-color\" style=\"\">\n                    \n            <svg xmlns=\"http:\/\/www.w3.org\/2000\/svg\" xmlns:xlink=\"http:\/\/www.w3.org\/1999\/xlink\" width=\"2332.433\" height=\"2898.525\" viewBox=\"0 0 2332.433 2898.525\">\n                <defs>\n                    <linearGradient id=\"linear-gradient\" x1=\"0.401\" y1=\"0.928\" x2=\"0.402\" y2=\"1.016\" gradientUnits=\"objectBoundingBox\">\n                    <stop offset=\"0\" stop-color=\"#fff\"\/>\n                    <stop offset=\"1\" stop-color=\"#7a7e80\" stop-opacity=\"0\"\/>\n                    <\/linearGradient>\n                    <linearGradient id=\"linear-gradient-2\" x1=\"0.53\" y1=\"0.798\" x2=\"0.528\" y2=\"0.931\" xlink:href=\"#linear-gradient\"\/>\n                <\/defs>\n                <g id=\"Group_12726\" data-name=\"Group 12726\" transform=\"translate(316.034 1366.262)\">\n                    <path id=\"Path_13396\" data-name=\"Path 13396\" d=\"M1472.949,795.811c1.351-200.366-74.4-400.819-227.132-553.583C1177.472,173.882,1150,143.352,1024.3,45.858c-8.61-6.905-17.836-14.545-27.179-23.066C1102.487,155.928,1165.866,324,1165.866,507.03c0,430.408-348.866,779.219-779.182,779.219a778.653,778.653,0,0,1-365.673-90.971c135.162,231.071,385.83,386.539,673.021,386.539,430.4,0,779.182-349.046,779.182-779.453,0-2.2-.264-4.173-.264-6.553\" transform=\"translate(398.44 -822.516)\" opacity=\"0.174\" fill=\"url(#linear-gradient)\"\/>\n                    <path id=\"Path_13397\" data-name=\"Path 13397\" d=\"M2035.252,954.755a806.021,806.021,0,0,0-62.263-69.786c-74.045-74.046-103.81-107.044-239.825-212.883C1597.355,566.336,1375.424,281.464,1375.424,0c0,77.954-17.13,156.232-44.662,230.895,55.975,217.437,218.052,415.775,324.831,499.165,131.225,102.107,160.05,133.9,231.568,205.155,159.2,159.64,238.444,369.114,236.975,578.236,0,2.116.323,4.5.323,6.7,0,449.566-364.174,814.155-813.824,814.155-449.621,0-813.8-364.589-813.8-814.155,0-2.2.206-4.584.206-6.7-1.322-209.121,77.718-418.6,237.239-578.236,71.372-71.255,100.2-103.047,231.275-205.155,45.6-35.525,101.372-92.558,154.643-162.373C497.545,591.929,0,1103.787,0,1732.269c0,644.2,522.138,1166.256,1166.275,1166.256,644.167,0,1166.157-522.055,1166.157-1166.256,0-298.888-112.508-571.272-297.181-777.514\" transform=\"translate(-316.034 -1366.262)\" opacity=\"0.174\" fill=\"url(#linear-gradient-2)\"\/>\n                <\/g>\n            <\/svg>\n                \n        <div class=\"wrapper-container\">\n                            <div class=\"breadcrumbs bleu\">\n                    <span class=\"home\"><a href=\"https:\/\/www.odyssee-environnement.fr\/es\/\" rel=\"nofollow\">Inicio<\/a><\/span>\n                                    <\/div>\n            \n            <div class=\"acf-innerblocks-container\">\n\n<div class=\"wp-block-columns are-vertically-aligned-center is-layout-flex wp-container-core-columns-is-layout-9db31a36 wp-block-columns-is-layout-flex\" style=\"padding-top:50px;padding-bottom:50px\">\n<div class=\"wp-block-column is-vertically-aligned-center is-layout-flow wp-block-column-is-layout-flow\" style=\"flex-basis:66.66%\">\n<h2 class=\"wp-block-heading has-white-color has-text-color has-link-color wp-elements-6ce8d1a4ebc0c2bd38226890489b7ac9\">Exportaci\u00f3n y distribuci\u00f3n<\/h2>\n<\/div>\n\n\n\n<div class=\"wp-block-column is-vertically-aligned-center is-layout-flow wp-block-column-is-layout-flow\" style=\"flex-basis:33.33%\">\n<div class=\"image-odyssee\">\n            <div class=\"img-sizer square\" style=\"border-radius: 20px 250px 20px 20px\">\n            <img loading=\"lazy\" decoding=\"async\" width=\"1024\" height=\"682\" src=\"https:\/\/www.odyssee-environnement.fr\/wp-content\/files\/2024\/01\/odyssee-visuels-_NHJ3736-HD-48-1024x682.jpg\" class=\"attachment-large size-large\" alt=\"\" srcset=\"https:\/\/www.odyssee-environnement.fr\/wp-content\/files\/2024\/01\/odyssee-visuels-_NHJ3736-HD-48-1024x682.jpg 1024w, https:\/\/www.odyssee-environnement.fr\/wp-content\/files\/2024\/01\/odyssee-visuels-_NHJ3736-HD-48-300x200.jpg 300w, https:\/\/www.odyssee-environnement.fr\/wp-content\/files\/2024\/01\/odyssee-visuels-_NHJ3736-HD-48-768x511.jpg 768w, https:\/\/www.odyssee-environnement.fr\/wp-content\/files\/2024\/01\/odyssee-visuels-_NHJ3736-HD-48.jpg 1404w\" sizes=\"auto, (max-width: 1024px) 100vw, 1024px\" title=\"\">        <\/div>\n\n            <\/div><\/div>\n<\/div>\n\n<\/div>\n        <\/div>\n            <\/div>\n<\/section>\n\n<section class=\"odyssee-block flex-start container-odyssee\" >\n        <div class=\"background-overlay has--background-color\" style=\"\">\n                \n        <div class=\"wrapper-container\">\n            \n            <div class=\"acf-innerblocks-container\">\n\n<div class=\"wp-block-columns is-layout-flex wp-container-core-columns-is-layout-0a7eaf45 wp-block-columns-is-layout-flex\" style=\"padding-top:100px;padding-bottom:100px\">\n<div class=\"wp-block-column is-layout-flow wp-block-column-is-layout-flow\">\n<h3 class=\"wp-block-heading\"><mark style=\"background-color:rgba(0, 0, 0, 0)\" class=\"has-inline-color has-primary-color\">Odyss\u00e9e Environnement<\/mark> en todo el mundo con la red Odyss\u00e9e Team<\/h3>\n<\/div>\n\n\n\n<div class=\"wp-block-column is-layout-flow wp-block-column-is-layout-flow\">\n<p>La red Odyss\u00e9e Team <strong>re\u00fane a los equipos de exportaci\u00f3n,<\/strong> los <strong>equipos de formaci\u00f3n<\/strong> y los <strong>distribuidores<\/strong> de las soluciones de Odyss\u00e9e en<strong> todo el mundo.<\/strong> Nuestra voluntad es <strong>dar acceso a<\/strong> nuestras referencias e innovaciones a todos los industriales que deseen <strong>controlar<\/strong> y <strong>reducir<\/strong> su <strong>huella h\u00eddrica.<\/strong> Y para superar ese reto, es necesario un trabajo de equipo.<\/p>\n<\/div>\n<\/div>\n\n<\/div>\n        <\/div>\n            <\/div>\n<\/section>\n\n<section class=\"odyssee-block flex-start withSeparator container-odyssee\" >\n        <svg id=\"separator_top\" class=\"separator\" xmlns=\"http:\/\/www.w3.org\/2000\/svg\" viewBox=\"0 0 1920 131.1\">\n        <path id=\"Path_14520\" d=\"m0,131.1v-59.94s899.47-160.12,1920,0v59.94H0Z\" fill=\"#eff9fd\"\/>\n    <\/svg>\n        <div class=\"background-overlay has-background-background-color\" style=\"\">\n         \n            <svg xmlns=\"http:\/\/www.w3.org\/2000\/svg\" xmlns:xlink=\"http:\/\/www.w3.org\/1999\/xlink\" width=\"2951.5\" height=\"3675.84\" viewBox=\"0 0 2951.5 3675.84\">\n                <defs>\n                    <linearGradient id=\"linear-gradient-bleu_clair\" x1=\"0.433\" y1=\"0.644\" x2=\"0.524\" y2=\"0.977\" gradientUnits=\"objectBoundingBox\">\n                    <stop offset=\"0\" stop-color=\"#009ee0\" stop-opacity=\"0.416\"\/>\n                    <stop offset=\"1\" stop-color=\"#009ee0\" stop-opacity=\"0\"\/>\n                    <\/linearGradient>\n                    <linearGradient id=\"linear-gradient-2-bleu_clair\" x1=\"0.489\" y1=\"0.639\" x2=\"0.555\" y2=\"0.905\" xlink:href=\"#linear-gradient-bleu_clair\"\/>\n                <\/defs>\n                <g id=\"Group_13542\" data-name=\"Group 13542\" opacity=\"0.223\">\n                    <path id=\"Path_9709\" data-name=\"Path 9709\" d=\"M1858.318,1003.116c1.71-254.1-94.145-508.309-287.416-702.041-86.486-86.674-121.25-125.391-280.315-249.031-10.895-8.757-22.57-18.446-34.393-29.252,133.334,168.84,213.536,381.986,213.536,614.1,0,545.833-441.461,988.185-985.99,988.185A983.613,983.613,0,0,1,21.011,1509.71c171.037,293.039,488.235,490.2,851.651,490.2,544.641,0,985.99-442.651,985.99-988.484,0-2.8-.334-5.292-.334-8.31\" transform=\"translate(760.224 826.513)\" fill=\"url(#linear-gradient-bleu_clair)\"\/>\n                    <path id=\"Path_9710\" data-name=\"Path 9710\" d=\"M2575.442,1210.8a1021.423,1021.423,0,0,0-78.788-88.5c-93.7-93.9-131.364-135.75-303.479-269.973C2021.321,718.213,1740.486,356.945,1740.486,0c0,98.86-21.677,198.129-56.517,292.815C1754.8,568.564,1959.9,820.091,2095.015,925.844c166.054,129.49,202.531,169.809,293.031,260.172,201.452,202.452,301.731,468.1,299.872,733.3,0,2.683.409,5.7.409,8.5,0,570.129-460.832,1032.493-1029.827,1032.493-568.958,0-1029.791-462.364-1029.791-1032.493,0-2.794.26-5.813.26-8.5-1.673-265.2,98.346-530.853,300.207-733.3,90.315-90.364,126.79-130.683,292.659-260.172,57.706-45.052,128.278-117.38,195.688-205.917C629.6,750.67,0,1399.8,0,2196.822,0,3013.783,660.722,3675.84,1475.825,3675.84c815.139,0,1475.675-662.057,1475.675-1479.018,0-379.043-142.369-724.474-376.057-986.025\" transform=\"translate(0)\" fill=\"url(#linear-gradient-2-bleu_clair)\"\/>\n                <\/g>\n            <\/svg>\n                \n        <div class=\"wrapper-container\">\n            \n            <div class=\"acf-innerblocks-container\">\n\n<div class=\"wp-block-columns is-layout-flex wp-container-core-columns-is-layout-15178e5a wp-block-columns-is-layout-flex\" style=\"padding-top:0px;padding-bottom:50px\">\n<div class=\"wp-block-column is-layout-flow wp-block-column-is-layout-flow\">\n<h2 class=\"wp-block-heading has-text-align-center\">Un conocimiento internacional <mark style=\"background-color:rgba(0, 0, 0, 0)\" class=\"has-inline-color has-primary-color\">de los <br\/>retos del agua<\/mark><\/h2>\n<\/div>\n<\/div>\n\n\n\n<div class=\"wp-block-group to-full-responsive is-layout-flex wp-container-core-group-is-layout-3517b78f wp-block-group-is-layout-flex\" style=\"margin-bottom:100px\">\n<div class=\"wp-block-group has-white-background-color has-background wp-container-content-e7bfab89 has-global-padding is-content-justification-left is-layout-constrained wp-container-core-group-is-layout-8baaa276 wp-block-group-is-layout-constrained\" style=\"border-radius:10px;padding-top:50px;padding-right:30px;padding-bottom:50px;padding-left:30px\">\n<h2 class=\"wp-block-heading has-primary-color has-text-color has-link-color wp-elements-83af6d88f4c8f3ab42eb0d7a23eefcdd\">+ de 30 pa\u00edses<\/h2>\n\n\n\n<p style=\"margin-top:80px\">La <strong>presencia de Odyss\u00e9e<\/strong> en <strong>m\u00e1s de 30 pa\u00edses<\/strong> le aporta un <strong>conocimiento en detalle de los retos vinculados al agua<\/strong> y a su empleo<br\/>industrial en el mundo.<\/p>\n<\/div>\n\n\n\n<div class=\"wp-block-group has-white-background-color has-background wp-container-content-e7bfab89 has-global-padding is-content-justification-left is-layout-constrained wp-container-core-group-is-layout-8baaa276 wp-block-group-is-layout-constrained\" style=\"border-radius:10px;padding-top:50px;padding-right:30px;padding-bottom:50px;padding-left:30px\">\n    <div class=\"icone has-global-padding is-content-justification-left is-layout-constrained wp-container-odyssee-icone-odyssee-is-layout-5ba0f1c9 wp-block-odyssee-icone-odyssee-is-layout-constrained\" style=\"width: 50px\">\n        <img loading=\"lazy\" decoding=\"async\" width=\"1\" height=\"1\" src=\"https:\/\/www.odyssee-environnement.fr\/wp-content\/files\/2024\/01\/odyssee-icones-Path_14122-52.svg\" class=\"attachment-large size-large\" alt=\"\" title=\"\">    <\/div>\n\n\n\n<p style=\"margin-top:80px\">Un uso que sigue creciendo, porque, entre 2010 y 2050, la <strong>demanda de agua<\/strong> de la industria en <strong>\u00c1frica<\/strong> seguramente aumente <strong>m\u00e1s de un 255 %.<\/strong> Esta cifra alcanza <strong>un 140 % en Asia, y un 51 % en Sudam\u00e9rica.<\/strong><\/p>\n\n\n\n<p>Fuente: <a href=\"https:\/\/www.vie-publique.fr\/\" target=\"_blank\" rel=\"noopener\"><mark style=\"background-color:rgba(0, 0, 0, 0)\" class=\"has-inline-color has-primary-color\">Vie-publique.fr<\/mark><\/a><\/p>\n<\/div>\n<\/div>\n\n<\/div>\n        <\/div>\n                <svg id=\"separator_bottom\" class=\"separator\" xmlns=\"http:\/\/www.w3.org\/2000\/svg\" viewBox=\"0 0 1920 131.1\">\n            <path id=\"Path_14520\" d=\"m0,131.1v-59.94s899.47-160.12,1920,0v59.94H0Z\" fill=\"#ffffff\"\/>\n        <\/svg>\n            <\/div>\n<\/section>\n\n<section class=\"odyssee-block flex-start container-odyssee\" >\n        <div class=\"background-overlay has--background-color\" style=\"\">\n                \n        <div class=\"wrapper-container\">\n            \n            <div class=\"acf-innerblocks-container\">\n\n<div class=\"wp-block-columns are-vertically-aligned-center is-layout-flex wp-container-core-columns-is-layout-0cd93d3d wp-block-columns-is-layout-flex\" style=\"padding-bottom:30px\">\n<div class=\"wp-block-column is-vertically-aligned-center is-layout-flow wp-block-column-is-layout-flow\" style=\"flex-basis:50%\">\n<div class=\"image-odyssee\">\n            <div class=\"img-sizer wide\" style=\"border-radius: 250px 10px 10px 10px\">\n            <img loading=\"lazy\" decoding=\"async\" width=\"1024\" height=\"682\" src=\"https:\/\/www.odyssee-environnement.fr\/wp-content\/files\/2024\/01\/odyssee-visuels-_NHJ3767-web-49-1024x682.jpg\" class=\"attachment-large size-large\" alt=\"\" srcset=\"https:\/\/www.odyssee-environnement.fr\/wp-content\/files\/2024\/01\/odyssee-visuels-_NHJ3767-web-49-1024x682.jpg 1024w, https:\/\/www.odyssee-environnement.fr\/wp-content\/files\/2024\/01\/odyssee-visuels-_NHJ3767-web-49-300x200.jpg 300w, https:\/\/www.odyssee-environnement.fr\/wp-content\/files\/2024\/01\/odyssee-visuels-_NHJ3767-web-49-768x511.jpg 768w, https:\/\/www.odyssee-environnement.fr\/wp-content\/files\/2024\/01\/odyssee-visuels-_NHJ3767-web-49.jpg 1404w\" sizes=\"auto, (max-width: 1024px) 100vw, 1024px\" title=\"\">        <\/div>\n\n            <\/div><\/div>\n\n\n\n<div class=\"wp-block-column is-vertically-aligned-center is-layout-flow wp-block-column-is-layout-flow\" style=\"padding-top:50px;padding-bottom:50px;flex-basis:60%\">\n<h3 class=\"wp-block-heading\">Odyss\u00e9e Team, la red comprometida <mark style=\"background-color:rgba(0, 0, 0, 0)\" class=\"has-inline-color has-primary-color\">con un uso \u00e9tico del agua<\/mark><\/h3>\n\n\n\n<p style=\"margin-left:100px\">Odyss\u00e9e apoya a quienes comparten sobre el terreno su visi\u00f3n y convicciones sobre el tratamiento del agua industrial.<\/p>\n\n\n\n<p style=\"margin-left:100px\">Nuestro objetivo es entablar unos acuerdos de colaboraci\u00f3n s\u00f3lidos y duraderos, para divulgar ampliamente nuestras innovaciones hidro\u00e9ticas, que constituyen alternativas eficaces a las soluciones tradicionales.<\/p>\n<\/div>\n<\/div>\n\n\n\n<div class=\"wp-block-columns has-primary-background-color has-background is-layout-flex wp-container-core-columns-is-layout-1582ad20 wp-block-columns-is-layout-flex\" style=\"border-radius:20px;margin-bottom:100px;padding-top:50px;padding-right:50px;padding-bottom:50px;padding-left:50px\">\n<div class=\"wp-block-column is-layout-flow wp-block-column-is-layout-flow\">\n<h2 class=\"wp-block-heading\"><mark style=\"background-color:rgba(0, 0, 0, 0)\" class=\"has-inline-color has-white-color\">Odyss\u00e9e Team, la red comprometida<\/mark> con un <br\/>uso \u00e9tico del agua<\/h2>\n\n\n\n<p class=\"has-white-color has-text-color has-link-color wp-elements-d7615eb518c73dfbffb01872d2a2f9a0\" style=\"margin-bottom:50px\">Odyss\u00e9e apoya a quienes comparten sobre el terreno su <strong>visi\u00f3n<\/strong> y <strong>convicciones<\/strong> sobre el <strong>tratamiento del agua <br\/>industrial.<\/strong> Nuestro objetivo es entablar unos <strong>acuerdos de colaboraci\u00f3n s\u00f3lidos,<\/strong> y duraderos, para <strong>divulgar<\/strong> ampliamente nuestras <br\/><strong>innovaciones hidro\u00e9ticas,<\/strong> que constituyen alternativas <strong>eficaces<\/strong> a las soluciones tradicionales.<\/p>\n<\/div>\n<\/div>\n\n<\/div>\n        <\/div>\n            <\/div>\n<\/section>\n\n<section class=\"odyssee-block flex-start withSeparator container-odyssee\" >\n        <svg id=\"separator_top\" class=\"separator\" xmlns=\"http:\/\/www.w3.org\/2000\/svg\" viewBox=\"0 0 1920 131.1\">\n        <path id=\"Path_14520\" d=\"m0,131.1v-59.94s899.47-160.12,1920,0v59.94H0Z\" fill=\"#eff9fd\"\/>\n    <\/svg>\n        <div class=\"background-overlay has-background-background-color\" style=\"\">\n         \n            <svg xmlns=\"http:\/\/www.w3.org\/2000\/svg\" xmlns:xlink=\"http:\/\/www.w3.org\/1999\/xlink\" width=\"2951.5\" height=\"3675.84\" viewBox=\"0 0 2951.5 3675.84\">\n                <defs>\n                    <linearGradient id=\"linear-gradient-bleu_clair\" x1=\"0.433\" y1=\"0.644\" x2=\"0.524\" y2=\"0.977\" gradientUnits=\"objectBoundingBox\">\n                    <stop offset=\"0\" stop-color=\"#009ee0\" stop-opacity=\"0.416\"\/>\n                    <stop offset=\"1\" stop-color=\"#009ee0\" stop-opacity=\"0\"\/>\n                    <\/linearGradient>\n                    <linearGradient id=\"linear-gradient-2-bleu_clair\" x1=\"0.489\" y1=\"0.639\" x2=\"0.555\" y2=\"0.905\" xlink:href=\"#linear-gradient-bleu_clair\"\/>\n                <\/defs>\n                <g id=\"Group_13542\" data-name=\"Group 13542\" opacity=\"0.223\">\n                    <path id=\"Path_9709\" data-name=\"Path 9709\" d=\"M1858.318,1003.116c1.71-254.1-94.145-508.309-287.416-702.041-86.486-86.674-121.25-125.391-280.315-249.031-10.895-8.757-22.57-18.446-34.393-29.252,133.334,168.84,213.536,381.986,213.536,614.1,0,545.833-441.461,988.185-985.99,988.185A983.613,983.613,0,0,1,21.011,1509.71c171.037,293.039,488.235,490.2,851.651,490.2,544.641,0,985.99-442.651,985.99-988.484,0-2.8-.334-5.292-.334-8.31\" transform=\"translate(760.224 826.513)\" fill=\"url(#linear-gradient-bleu_clair)\"\/>\n                    <path id=\"Path_9710\" data-name=\"Path 9710\" d=\"M2575.442,1210.8a1021.423,1021.423,0,0,0-78.788-88.5c-93.7-93.9-131.364-135.75-303.479-269.973C2021.321,718.213,1740.486,356.945,1740.486,0c0,98.86-21.677,198.129-56.517,292.815C1754.8,568.564,1959.9,820.091,2095.015,925.844c166.054,129.49,202.531,169.809,293.031,260.172,201.452,202.452,301.731,468.1,299.872,733.3,0,2.683.409,5.7.409,8.5,0,570.129-460.832,1032.493-1029.827,1032.493-568.958,0-1029.791-462.364-1029.791-1032.493,0-2.794.26-5.813.26-8.5-1.673-265.2,98.346-530.853,300.207-733.3,90.315-90.364,126.79-130.683,292.659-260.172,57.706-45.052,128.278-117.38,195.688-205.917C629.6,750.67,0,1399.8,0,2196.822,0,3013.783,660.722,3675.84,1475.825,3675.84c815.139,0,1475.675-662.057,1475.675-1479.018,0-379.043-142.369-724.474-376.057-986.025\" transform=\"translate(0)\" fill=\"url(#linear-gradient-2-bleu_clair)\"\/>\n                <\/g>\n            <\/svg>\n                \n        <div class=\"wrapper-container\">\n            \n            <div class=\"acf-innerblocks-container\">\n\n<div class=\"wp-block-columns is-layout-flex wp-container-core-columns-is-layout-9db31a36 wp-block-columns-is-layout-flex\" style=\"padding-top:50px;padding-bottom:50px\">\n<div class=\"wp-block-column is-layout-flow wp-block-column-is-layout-flow\">\n<h2 class=\"wp-block-heading has-text-align-center has-primary-color has-text-color has-link-color wp-elements-2e5801c9fb6e09c7097e23fa97d9d8d5\">Nuestros compromisos<\/h2>\n<\/div>\n<\/div>\n\n\n\n<div class=\"wp-block-columns is-layout-flex wp-container-core-columns-is-layout-82e92035 wp-block-columns-is-layout-flex\" style=\"padding-bottom:150px\">\n<div class=\"wp-block-column is-layout-flow wp-block-column-is-layout-flow\">\n<div style=\"border-radius:10px; padding-top:30px;padding-bottom:30px;padding-left:30px;padding-right:30px;\" class=\"boite-icon align wp-block-odyssee-boite-icone has-background has-white-background-color has-global-padding is-content-justification-left is-layout-constrained wp-container-odyssee-boite-icone-is-layout-914e4ba1 wp-block-odyssee-boite-icone-is-layout-constrained\">\n            <div class=\"icon\">\n            <img loading=\"lazy\" decoding=\"async\" width=\"1\" height=\"1\" src=\"https:\/\/www.odyssee-environnement.fr\/wp-content\/files\/2024\/03\/odyssee-icones-symbiose-118.svg\" class=\"attachment-large size-large\" alt=\"\" title=\"\">        <\/div>\n        \n            <span><h4><span style=\"color: #009ee0;\">Cursos de formaci\u00f3n<\/span><\/h4><\/span>\n        \n            <p><strong>Programa completo<\/strong> de formaci\u00f3n en las soluciones Odyss\u00e9e y en los retos de un uso \u00e9tico del agua (formaci\u00f3n inicial y continua)<\/p>\n    <\/div><\/div>\n\n\n\n<div class=\"wp-block-column is-layout-flow wp-block-column-is-layout-flow\">\n<div style=\"border-radius:10px; padding-top:30px;padding-bottom:30px;padding-left:30px;padding-right:30px;\" class=\"boite-icon align wp-block-odyssee-boite-icone has-background has-white-background-color has-global-padding is-content-justification-left is-layout-constrained wp-container-odyssee-boite-icone-is-layout-914e4ba1 wp-block-odyssee-boite-icone-is-layout-constrained\">\n            <div class=\"icon\">\n            <img loading=\"lazy\" decoding=\"async\" width=\"1\" height=\"1\" src=\"https:\/\/www.odyssee-environnement.fr\/wp-content\/files\/2024\/03\/odyssee-icones-CRM-113.svg\" class=\"attachment-large size-large\" alt=\"\" title=\"\">        <\/div>\n        \n            <span><h4><span style=\"color: #009ee0;\">Apoyo<\/span><\/h4><\/span>\n        \n            <p><strong>Un contacto espec\u00edficamente dedicado<\/strong> y un soporte t\u00e9cnico <strong>permanente<\/strong><\/p>\n    <\/div><\/div>\n\n\n\n<div class=\"wp-block-column is-layout-flow wp-block-column-is-layout-flow\">\n<div style=\"border-radius:10px; padding-top:30px;padding-bottom:30px;padding-left:30px;padding-right:30px;\" class=\"boite-icon align wp-block-odyssee-boite-icone has-background has-white-background-color has-global-padding is-content-justification-left is-layout-constrained wp-container-odyssee-boite-icone-is-layout-914e4ba1 wp-block-odyssee-boite-icone-is-layout-constrained\">\n            <div class=\"icon\">\n            <img loading=\"lazy\" decoding=\"async\" width=\"1\" height=\"1\" src=\"https:\/\/www.odyssee-environnement.fr\/wp-content\/files\/2024\/03\/odyssee-icones-pv_reception-100.svg\" class=\"attachment-large size-large\" alt=\"\" title=\"\">        <\/div>\n        \n            <span><h4><span style=\"color: #009ee0;\">Simplicidad<\/span><\/h4><\/span>\n        \n            <p><strong>Una entrada en la red llave en mano<\/strong>: puesta a disposici\u00f3n de herramientas comerciales y de marketing (calculador de rendimiento, estudio de casos, etc.)<\/p>\n    <\/div><\/div>\n\n\n\n<div class=\"wp-block-column is-layout-flow wp-block-column-is-layout-flow\">\n<div style=\"border-radius:10px; padding-top:30px;padding-bottom:30px;padding-left:30px;padding-right:30px;\" class=\"boite-icon align wp-block-odyssee-boite-icone has-background has-white-background-color has-global-padding is-content-justification-left is-layout-constrained wp-container-odyssee-boite-icone-is-layout-914e4ba1 wp-block-odyssee-boite-icone-is-layout-constrained\">\n            <div class=\"icon\">\n            <img loading=\"lazy\" decoding=\"async\" width=\"1\" height=\"1\" src=\"https:\/\/www.odyssee-environnement.fr\/wp-content\/files\/2024\/03\/odyssee-icones-postuler_en_ligne-76.svg\" class=\"attachment-large size-large\" alt=\"\" title=\"\">        <\/div>\n        \n            <span><h4><span style=\"color: #009ee0;\">VIP<\/span><\/h4><\/span>\n        \n            <p>Innovaciones Odyss\u00e9e disponibles <strong>en primicia<\/strong><\/p>\n    <\/div><\/div>\n<\/div>\n\n<\/div>\n        <\/div>\n                <svg id=\"separator_bottom\" class=\"separator\" xmlns=\"http:\/\/www.w3.org\/2000\/svg\" viewBox=\"0 0 1920 131.1\">\n            <path id=\"Path_14520\" d=\"m0,131.1v-59.94s899.47-160.12,1920,0v59.94H0Z\" fill=\"#009ee0\"\/>\n        <\/svg>\n            <\/div>\n<\/section>\n","protected":false},"excerpt":{"rendered":"","protected":false},"author":1,"featured_media":0,"parent":4216,"menu_order":0,"comment_status":"closed","ping_status":"closed","template":"","meta":{"_acf_changed":false,"footnotes":""},"class_list":["post-4210","page","type-page","status-publish","hentry"],"acf":[],"_links":{"self":[{"href":"https:\/\/www.odyssee-environnement.fr\/es\/wp-json\/wp\/v2\/pages\/4210","targetHints":{"allow":["GET"]}}],"collection":[{"href":"https:\/\/www.odyssee-environnement.fr\/es\/wp-json\/wp\/v2\/pages"}],"about":[{"href":"https:\/\/www.odyssee-environnement.fr\/es\/wp-json\/wp\/v2\/types\/page"}],"author":[{"embeddable":true,"href":"https:\/\/www.odyssee-environnement.fr\/es\/wp-json\/wp\/v2\/users\/1"}],"replies":[{"embeddable":true,"href":"https:\/\/www.odyssee-environnement.fr\/es\/wp-json\/wp\/v2\/comments?post=4210"}],"version-history":[{"count":1,"href":"https:\/\/www.odyssee-environnement.fr\/es\/wp-json\/wp\/v2\/pages\/4210\/revisions"}],"predecessor-version":[{"id":4211,"href":"https:\/\/www.odyssee-environnement.fr\/es\/wp-json\/wp\/v2\/pages\/4210\/revisions\/4211"}],"up":[{"embeddable":true,"href":"https:\/\/www.odyssee-environnement.fr\/es\/wp-json\/wp\/v2\/pages\/4216"}],"wp:attachment":[{"href":"https:\/\/www.odyssee-environnement.fr\/es\/wp-json\/wp\/v2\/media?parent=4210"}],"curies":[{"name":"wp","href":"https:\/\/api.w.org\/{rel}","templated":true}]}}